{"id":10250,"date":"2024-03-25T21:08:45","date_gmt":"2024-03-25T20:08:45","guid":{"rendered":"https:\/\/www.compagnie-du-costume.com\/privacy-policy\/"},"modified":"2024-03-25T21:08:46","modified_gmt":"2024-03-25T20:08:46","slug":"privacy-policy","status":"publish","type":"page","link":"https:\/\/www.compagnie-du-costume.com\/en\/privacy-policy\/","title":{"rendered":"Privacy policy"},"content":{"rendered":"<h1>Politique de confidentialit\u00e9<\/h1>\n<h2>PR\u00c9AMBULE<\/h2>\n<p style=\"font-weight: 400;\">La Compagnie du Costume via son site internet www.compagnie-du-costume.com n\u2019a pas vocation \u00e0 collecter des donn\u00e9es et \u00e0 les mon\u00e9tiser.<\/p>\n<p style=\"font-weight: 400;\">La consultation et\/ou l\u2019utilisation de notre site entra\u00eene n\u00e9cessairement l\u2019acceptation de la pr\u00e9sente politique de confidentialit\u00e9.<\/p>\n<p style=\"font-weight: 400;\">Sur cette page, nous vous pr\u00e9sentons clairement nos pratiques concernant le traitement de vos donn\u00e9es et nous vous invitons \u00e0 la lire attentivement.<\/p>\n<h2>QUELLES DONN\u00c9ES COLLECTONS-NOUS ?<\/h2>\n<p style=\"font-weight: 400;\">Selon la nature et la finalit\u00e9 de votre interaction avec notre site www.compagnie-du-costume.com, nous sommes susceptibles de collecter les donn\u00e9es suivantes :<\/p>\n<ul>\n<li>Les donn\u00e9es relatives \u00e0 votre navigation : donn\u00e9es relatives \u00e0 la mani\u00e8re dont vous utilisez le site comprenant : l\u2019adresse IP, le navigateur utilis\u00e9, la dur\u00e9e de navigation, l\u2019historique des recherches, le syst\u00e8me d\u2019exploitation utilis\u00e9, la langue et les pages visualis\u00e9es ;<\/li>\n<li>Les donn\u00e9es concernant vos visites sur notre site, y compris les donn\u00e9es de trafic, les fichiers de journal et autres donn\u00e9es ou ressources de communication que vous utilisez en acc\u00e9dant \u00e0 notre site.<\/li>\n<\/ul>\n<h2>COMMENT VOS DONN\u00c9ES SONT-ELLES COLLECT\u00c9ES ?<\/h2>\n<p style=\"font-weight: 400;\">Les donn\u00e9es collect\u00e9es et les modalit\u00e9s de la collecte d\u00e9pendent de l\u2019utilisation que vous faites du site.<\/p>\n<ul>\n<li>La Compagnie du Costume collecte \u00e9galement de mani\u00e8re indirecte vos donn\u00e9es au moyen de cookies\/traceurs. Nous vous invitons \u00e0 prendre connaissance de notre Politique de cookies, destin\u00e9e \u00e0 vous aider \u00e0 mieux comprendre ces technologies et l\u2019utilisation que nous en faisons sur notre site et dans le cadre de nos services, applications et outils.<\/li>\n<\/ul>\n<h2>POURQUOI MES DONN\u00c9ES SONT-ELLES COLLECT\u00c9ES ?<\/h2>\n<p style=\"font-weight: 400;\">Vos donn\u00e9es sont susceptibles d\u2019\u00eatre collect\u00e9es par notre site www.compagnie-du-costume.com, via des cookies ou traceurs, avec votre consentement lorsque celui-ci est requis, pour :<\/p>\n<ul>\n<li>Am\u00e9liorer votre exp\u00e9rience d\u2019utilisateur ;<\/li>\n<li>Analyser le trafic et les donn\u00e9es sur le site pour mesurer le nombre d\u2019utilisateurs, rendre le site plus facile \u00e0 utiliser et s\u2019assurer de sa capacit\u00e9 \u00e0 r\u00e9pondre de mani\u00e8re rapide \u00e0 vos demandes.<\/li>\n<\/ul>\n<h2>QUI TRAITE VOS DONN\u00c9ES ?<\/h2>\n<p style=\"font-weight: 400;\">Vos donn\u00e9es sont trait\u00e9es par les collaborateurs de La Compagnie du Costume. Par ailleurs, dans le cadre de notre activit\u00e9, et pour des besoins de traitement externe, vos donn\u00e9es sont susceptibles d\u2019\u00eatre communiqu\u00e9es \u00e0 des prestataires de services ou autre tierces parties dont les services sont utilis\u00e9s. Ces derniers sont contraints par des obligations contractuelles de respecter la confidentialit\u00e9 des donn\u00e9es et de les exploiter uniquement pour les fins auxquelles nous leur transmettons :<\/p>\n<ul>\n<li>Nous utilisons certains des outils Google, vous pouvez vous r\u00e9f\u00e9rer \u00e0 leur politique de confidentialit\u00e9 ici : <a href=\"https:\/\/policies.google.com\/privacy?hl=fr-CA\">https:\/\/policies.google.com\/privacy?hl=fr-CA<\/a><\/li>\n<\/ul>\n<p style=\"font-weight: 400;\">Nous sommes \u00e9galement susceptibles de divulguer vos donn\u00e9es \u00e0 caract\u00e8re personnel :<\/p>\n<ul>\n<li>pour nous conformer \u00e0 tout mandat juridique, toute loi ou tout proc\u00e9d\u00e9 juridique, y compris aux demandes gouvernementales et r\u00e9glementaires ;<\/li>\n<li>si nous estimons que la divulgation est rendue n\u00e9cessaire ou ad\u00e9quate dans le cadre de la protection des droits, de la propri\u00e9t\u00e9 ou de la s\u00e9curit\u00e9 du site www.compagnie-du-costume.com, de ses utilisateurs ou autres parties prenantes. Ladite divulgation inclut l\u2019\u00e9change d\u2019informations avec d\u2019autres entreprises et organisations \u00e0 des fins de protection contre la fraude et les contrefa\u00e7ons.<\/li>\n<\/ul>\n<h2>LIENS VERS DES SITES TIERS<\/h2>\n<p style=\"font-weight: 400;\">Le site peut contenir des liens vers diff\u00e9rents sites et plateformes de r\u00e9seaux sociaux g\u00e9r\u00e9es sur des serveurs tiers, par des personnes ou organisations sur lesquelles La Compagnie du Costume n\u2019a aucun contr\u00f4le. De ce fait, nous ne pouvons en aucun cas \u00eatre tenus pour responsable de la fa\u00e7on dont vos donn\u00e9es seront stock\u00e9es ou utilis\u00e9es sur les serveurs de ces tiers. Nous vous conseillons de prendre connaissance de la politique applicable en mati\u00e8re de protection des donn\u00e9es \u00e0 caract\u00e8re personnel de chaque site Internet tiers auquel vous acc\u00e9derez via notre site afin d\u2019appr\u00e9cier la mani\u00e8re dont seront utilis\u00e9es vos donn\u00e9es.<\/p>\n<h2>COMBIEN DE TEMPS VOS DONN\u00c9ES SONT-ELLES CONSERV\u00c9ES ?<\/h2>\n<p style=\"font-weight: 400;\">S\u2019agissant des donn\u00e9es collect\u00e9es au moyen des cookies\/traceurs, elles seront conserv\u00e9es jusqu\u2019\u00e0 douze (12) mois pour les cookies mesurant l\u2019audience de notre site et jusqu\u2019\u00e0 treize (13) mois pour les autres.<\/p>\n<h2>COMMENT VOS DONN\u00c9ES SONT-ELLES PROT\u00c9G\u00c9ES ?<\/h2>\n<p style=\"font-weight: 400;\">Nous avons mis en place des mesures techniques et organisationnelles destin\u00e9es \u00e0 garantir la s\u00e9curit\u00e9 et la confidentialit\u00e9 de vos donn\u00e9es contre toute perte accidentelle et contre tout acc\u00e8s, utilisation, modification et divulgation non autoris\u00e9. Compte tenu des particularit\u00e9s inh\u00e9rentes \u00e0 Internet, il nous est toutefois impossible de garantir la s\u00e9curit\u00e9 optimale des \u00e9changes d\u2019informations sur ce r\u00e9seau. Nous nous effor\u00e7ons de prot\u00e9ger vos donn\u00e9es mais nous ne pouvons garantir la s\u00e9curit\u00e9 absolue des informations transmises \u00e0 notre site. Vous convenez que vous transmettez vos donn\u00e9es \u00e0 vos propres risques. Nous ne pouvons \u00eatre tenus responsables du non-respect des param\u00e8tres de confidentialit\u00e9 ou des mesures de s\u00e9curit\u00e9 en place sur notre site. A ce titre, vous convenez que la s\u00e9curit\u00e9 de vos informations est \u00e9galement de votre ressort.<\/p>\n<h2>QUELS SONT VOS DROITS ?<\/h2>\n<p style=\"font-weight: 400;\">Vous pouvez choisir comment les donn\u00e9es que vous nous transmettez sont utilis\u00e9es :<\/p>\n<ul>\n<li>Vous pouvez naviguer sur le site sans fournir de donn\u00e9es. Le cas \u00e9ch\u00e9ant, vous ne pourrez pas utiliser certaines fonctionnalit\u00e9s du site.<\/li>\n<\/ul>\n<p style=\"font-weight: 400;\">Conform\u00e9ment aux dispositions de la r\u00e9glementation applicable en mati\u00e8re de protection des donn\u00e9es, en particulier le R\u00e8glement europ\u00e9en 2016\/679 sur la protection des donn\u00e9es \u00e0 caract\u00e8re personnel (le \u00ab RGPD \u00bb) ainsi que la loi du 6 janvier 1978 n\u00b078-17 dite \u00ab Informatique et Libert\u00e9s \u00bb et de ses modifications, vous disposez d\u2019un droit d\u2019acc\u00e8s et de rectification sur vos donn\u00e9es. Vous disposez \u00e9galement du droit de d\u00e9finir des directives relatives au sort de vos donn\u00e9es en cas de d\u00e9c\u00e8s. De plus, sous r\u00e9serve des conditions pr\u00e9vues par ladite r\u00e9glementation pour l\u2019exercice de ces droits, vous b\u00e9n\u00e9ficiez :<\/p>\n<ul>\n<li>D\u2019un droit \u00e0 l\u2019effacement de vos donn\u00e9es ;<\/li>\n<li>D\u2019un droit \u00e0 la limitation du traitement de vos donn\u00e9es ;<\/li>\n<li>D\u2019un droit d\u2019opposition au traitement de vos donn\u00e9es pour des motifs l\u00e9gitimes, conform\u00e9ment \u00e0 l\u2019article 21 du RGPD ;<\/li>\n<li>D\u2019un droit \u00e0 la portabilit\u00e9 sur les donn\u00e9es que vous avez fournies ;<\/li>\n<li>Du droit au retrait du consentement, lorsque celui-ci vous a \u00e9t\u00e9 demand\u00e9.<\/li>\n<\/ul>\n<p style=\"font-weight: 400;\">Lorsque le traitement de vos donn\u00e9es est effectu\u00e9 sur la base de votre consentement, vous pouvez retirer celui-ci \u00e0 tout moment. Vous reconnaissez toutefois que les traitements effectu\u00e9s avant la r\u00e9vocation de votre consentement demeurent parfaitement valables. Vous disposez \u00e9galement d\u2019un droit d\u2019opposition sans motif \u00e0 ce que La Compagnie du Costume proc\u00e8de \u00e0 un profilage sur la base de vos donn\u00e9es dans le cadre de l\u2019envoi de contenus ou de communications \u00e0 des fins de prospection commerciale.<\/p>\n<p style=\"font-weight: 400;\">Toutefois, conform\u00e9ment \u00e0 l\u2019article 12.6 du RGPD, pour l\u2019exercice de ces droits, La Compagnie du Costume, en tant que responsable de traitement, se r\u00e9serve le droit de vous demander de justifier votre identit\u00e9. Nous vous informons que les donn\u00e9es permettant de justifier votre identit\u00e9 seront supprim\u00e9es une fois que nous aurons r\u00e9pondu \u00e0 votre requ\u00eate. Vous pouvez exercer ces droits en adressant un courriel en fran\u00e7ais \u00e0 La Compagnie du Costume ou \u00e0 l\u2019adresse suivante :<\/p>\n<p style=\"font-weight: 400;\">La Compagnie du Costume<\/p>\n<p style=\"font-weight: 400;\">50 rue Ardoin,<\/p>\n<p style=\"font-weight: 400;\"><b>93400 Saint-Ouen <\/b><\/p>\n<p style=\"font-weight: 400;\">Nous disposons d\u2019un d\u00e9lai d\u2019un mois pour r\u00e9pondre \u00e0 toute demande relative \u00e0 l\u2019exercice de vos droits. Ce d\u00e9lai peut \u00eatre prorog\u00e9 de deux mois, en raison de la complexit\u00e9 ou du trop grand nombre de demandes.<\/p>\n<p style=\"font-weight: 400;\">Enfin, vous disposez, du droit d\u2019introduire une r\u00e9clamation aupr\u00e8s de la Commission Nationale de l\u2019Informatique et des Libert\u00e9s (CNIL), notamment sur son site internet <a href=\"https:\/\/www.cnil.fr\/\">www.cnil.fr<\/a>.<\/p>\n<h2>La Compagnie du Costume OP\u00c8RE-T-IL UN TRANSFERT DE MES DONN\u00c9ES EN DEHORS DE L\u2019UNION EUROP\u00c9ENNE ?<\/h2>\n<p style=\"font-weight: 400;\">Les donn\u00e9es collect\u00e9es dans le cadre de l\u2019utilisation du site sont h\u00e9berg\u00e9es par la soci\u00e9t\u00e9 OVH 2 rue Kellermann \u2013 59100 Roubaix \u2013 France dont les serveurs sont situ\u00e9s sur le territoire de l\u2019Union europ\u00e9enne. En utilisant le site, vous acceptez donc que vos donn\u00e9es soient transf\u00e9r\u00e9es sur ces serveurs. Retrouvez les mentions l\u00e9gales ici : <a href=\"https:\/\/www.ovh.com\/fr\/protection-donnees-personnelles\/\">https:\/\/www.ovh.com\/fr\/protection-donnees-personnelles\/<\/a><\/p>\n<p style=\"font-weight: 400;\">\n","protected":false},"excerpt":{"rendered":"<p>Politique de confidentialit\u00e9 PR\u00c9AMBULE La Compagnie du Costume via son site internet www.compagnie-du-costume.com n\u2019a pas vocation \u00e0 collecter des donn\u00e9es et \u00e0 les mon\u00e9tiser. La consultation et\/ou l\u2019utilisation de notre site entra\u00eene n\u00e9cessairement l\u2019acceptation de la pr\u00e9sente politique de confidentialit\u00e9. Sur cette page, nous vous pr\u00e9sentons clairement nos pratiques concernant le traitement de vos donn\u00e9es&hellip;<\/p>\n","protected":false},"author":4,"featured_media":0,"parent":0,"menu_order":0,"comment_status":"closed","ping_status":"closed","template":"","meta":{"footnotes":""},"class_list":["post-10250","page","type-page","status-publish","hentry","description-off"],"yoast_head":"<!-- This site is optimized with the Yoast SEO plugin v27.5 - https:\/\/yoast.com\/product\/yoast-seo-wordpress\/ -->\n<title>Privacy policy - La compagnie du costume<\/title>\n<meta name=\"robots\" content=\"index, follow, max-snippet:-1, max-image-preview:large, max-video-preview:-1\" \/>\n<link rel=\"canonical\" href=\"https:\/\/www.compagnie-du-costume.com\/en\/privacy-policy\/\" \/>\n<meta property=\"og:locale\" content=\"en_US\" \/>\n<meta property=\"og:type\" content=\"article\" \/>\n<meta property=\"og:title\" content=\"Privacy policy - La compagnie du costume\" \/>\n<meta property=\"og:description\" content=\"Politique de confidentialit\u00e9 PR\u00c9AMBULE La Compagnie du Costume via son site internet www.compagnie-du-costume.com n\u2019a pas vocation \u00e0 collecter des donn\u00e9es et \u00e0 les mon\u00e9tiser. La consultation et\/ou l\u2019utilisation de notre site entra\u00eene n\u00e9cessairement l\u2019acceptation de la pr\u00e9sente politique de confidentialit\u00e9. Sur cette page, nous vous pr\u00e9sentons clairement nos pratiques concernant le traitement de vos donn\u00e9es&hellip;\" \/>\n<meta property=\"og:url\" content=\"https:\/\/www.compagnie-du-costume.com\/en\/privacy-policy\/\" \/>\n<meta property=\"og:site_name\" content=\"La compagnie du costume\" \/>\n<meta property=\"article:modified_time\" content=\"2024-03-25T20:08:46+00:00\" \/>\n<meta property=\"og:image\" content=\"https:\/\/www.compagnie-du-costume.com\/wp-content\/uploads\/2025\/12\/La-Compagnie-du-Costume.webp\" \/>\n\t<meta property=\"og:image:width\" content=\"1200\" \/>\n\t<meta property=\"og:image:height\" content=\"675\" \/>\n\t<meta property=\"og:image:type\" content=\"image\/webp\" \/>\n<meta name=\"twitter:card\" content=\"summary_large_image\" \/>\n<meta name=\"twitter:label1\" content=\"Est. reading time\" \/>\n\t<meta name=\"twitter:data1\" content=\"7 minutes\" \/>\n<script type=\"application\/ld+json\" class=\"yoast-schema-graph\">{\"@context\":\"https:\\\/\\\/schema.org\",\"@graph\":[{\"@type\":\"WebPage\",\"@id\":\"https:\\\/\\\/www.compagnie-du-costume.com\\\/en\\\/privacy-policy\\\/\",\"url\":\"https:\\\/\\\/www.compagnie-du-costume.com\\\/en\\\/privacy-policy\\\/\",\"name\":\"Privacy policy - La compagnie du costume\",\"isPartOf\":{\"@id\":\"https:\\\/\\\/www.compagnie-du-costume.com\\\/#website\"},\"datePublished\":\"2024-03-25T20:08:45+00:00\",\"dateModified\":\"2024-03-25T20:08:46+00:00\",\"breadcrumb\":{\"@id\":\"https:\\\/\\\/www.compagnie-du-costume.com\\\/en\\\/privacy-policy\\\/#breadcrumb\"},\"inLanguage\":\"en-US\",\"potentialAction\":[{\"@type\":\"ReadAction\",\"target\":[\"https:\\\/\\\/www.compagnie-du-costume.com\\\/en\\\/privacy-policy\\\/\"]}]},{\"@type\":\"BreadcrumbList\",\"@id\":\"https:\\\/\\\/www.compagnie-du-costume.com\\\/en\\\/privacy-policy\\\/#breadcrumb\",\"itemListElement\":[{\"@type\":\"ListItem\",\"position\":1,\"name\":\"Accueil\",\"item\":\"https:\\\/\\\/www.compagnie-du-costume.com\\\/\"},{\"@type\":\"ListItem\",\"position\":2,\"name\":\"Privacy policy\"}]},{\"@type\":\"WebSite\",\"@id\":\"https:\\\/\\\/www.compagnie-du-costume.com\\\/#website\",\"url\":\"https:\\\/\\\/www.compagnie-du-costume.com\\\/\",\"name\":\"La compagnie du costume\",\"description\":\"Fabrication et location de costumes pour le th\u00e9\u00e2tre, la t\u00e9l\u00e9vision, l\u2019\u00e9v\u00e9nementiel ou les festivit\u00e9s par la Compagnie du Costume.\",\"publisher\":{\"@id\":\"https:\\\/\\\/www.compagnie-du-costume.com\\\/#organization\"},\"potentialAction\":[{\"@type\":\"SearchAction\",\"target\":{\"@type\":\"EntryPoint\",\"urlTemplate\":\"https:\\\/\\\/www.compagnie-du-costume.com\\\/?s={search_term_string}\"},\"query-input\":{\"@type\":\"PropertyValueSpecification\",\"valueRequired\":true,\"valueName\":\"search_term_string\"}}],\"inLanguage\":\"en-US\"},{\"@type\":\"Organization\",\"@id\":\"https:\\\/\\\/www.compagnie-du-costume.com\\\/#organization\",\"name\":\"La Compagnie du Costume\",\"url\":\"https:\\\/\\\/www.compagnie-du-costume.com\\\/\",\"logo\":{\"@type\":\"ImageObject\",\"inLanguage\":\"en-US\",\"@id\":\"https:\\\/\\\/www.compagnie-du-costume.com\\\/#\\\/schema\\\/logo\\\/image\\\/\",\"url\":\"https:\\\/\\\/www.compagnie-du-costume.com\\\/wp-content\\\/uploads\\\/2024\\\/03\\\/logo-main-black-retina.png\",\"contentUrl\":\"https:\\\/\\\/www.compagnie-du-costume.com\\\/wp-content\\\/uploads\\\/2024\\\/03\\\/logo-main-black-retina.png\",\"width\":512,\"height\":257,\"caption\":\"La Compagnie du Costume\"},\"image\":{\"@id\":\"https:\\\/\\\/www.compagnie-du-costume.com\\\/#\\\/schema\\\/logo\\\/image\\\/\"}}]}<\/script>\n<!-- \/ Yoast SEO plugin. -->","yoast_head_json":{"title":"Privacy policy - La compagnie du costume","robots":{"index":"index","follow":"follow","max-snippet":"max-snippet:-1","max-image-preview":"max-image-preview:large","max-video-preview":"max-video-preview:-1"},"canonical":"https:\/\/www.compagnie-du-costume.com\/en\/privacy-policy\/","og_locale":"en_US","og_type":"article","og_title":"Privacy policy - La compagnie du costume","og_description":"Politique de confidentialit\u00e9 PR\u00c9AMBULE La Compagnie du Costume via son site internet www.compagnie-du-costume.com n\u2019a pas vocation \u00e0 collecter des donn\u00e9es et \u00e0 les mon\u00e9tiser. La consultation et\/ou l\u2019utilisation de notre site entra\u00eene n\u00e9cessairement l\u2019acceptation de la pr\u00e9sente politique de confidentialit\u00e9. Sur cette page, nous vous pr\u00e9sentons clairement nos pratiques concernant le traitement de vos donn\u00e9es&hellip;","og_url":"https:\/\/www.compagnie-du-costume.com\/en\/privacy-policy\/","og_site_name":"La compagnie du costume","article_modified_time":"2024-03-25T20:08:46+00:00","og_image":[{"width":1200,"height":675,"url":"https:\/\/www.compagnie-du-costume.com\/wp-content\/uploads\/2025\/12\/La-Compagnie-du-Costume.webp","type":"image\/webp"}],"twitter_card":"summary_large_image","twitter_misc":{"Est. reading time":"7 minutes"},"schema":{"@context":"https:\/\/schema.org","@graph":[{"@type":"WebPage","@id":"https:\/\/www.compagnie-du-costume.com\/en\/privacy-policy\/","url":"https:\/\/www.compagnie-du-costume.com\/en\/privacy-policy\/","name":"Privacy policy - La compagnie du costume","isPartOf":{"@id":"https:\/\/www.compagnie-du-costume.com\/#website"},"datePublished":"2024-03-25T20:08:45+00:00","dateModified":"2024-03-25T20:08:46+00:00","breadcrumb":{"@id":"https:\/\/www.compagnie-du-costume.com\/en\/privacy-policy\/#breadcrumb"},"inLanguage":"en-US","potentialAction":[{"@type":"ReadAction","target":["https:\/\/www.compagnie-du-costume.com\/en\/privacy-policy\/"]}]},{"@type":"BreadcrumbList","@id":"https:\/\/www.compagnie-du-costume.com\/en\/privacy-policy\/#breadcrumb","itemListElement":[{"@type":"ListItem","position":1,"name":"Accueil","item":"https:\/\/www.compagnie-du-costume.com\/"},{"@type":"ListItem","position":2,"name":"Privacy policy"}]},{"@type":"WebSite","@id":"https:\/\/www.compagnie-du-costume.com\/#website","url":"https:\/\/www.compagnie-du-costume.com\/","name":"La compagnie du costume","description":"Fabrication et location de costumes pour le th\u00e9\u00e2tre, la t\u00e9l\u00e9vision, l\u2019\u00e9v\u00e9nementiel ou les festivit\u00e9s par la Compagnie du Costume.","publisher":{"@id":"https:\/\/www.compagnie-du-costume.com\/#organization"},"potentialAction":[{"@type":"SearchAction","target":{"@type":"EntryPoint","urlTemplate":"https:\/\/www.compagnie-du-costume.com\/?s={search_term_string}"},"query-input":{"@type":"PropertyValueSpecification","valueRequired":true,"valueName":"search_term_string"}}],"inLanguage":"en-US"},{"@type":"Organization","@id":"https:\/\/www.compagnie-du-costume.com\/#organization","name":"La Compagnie du Costume","url":"https:\/\/www.compagnie-du-costume.com\/","logo":{"@type":"ImageObject","inLanguage":"en-US","@id":"https:\/\/www.compagnie-du-costume.com\/#\/schema\/logo\/image\/","url":"https:\/\/www.compagnie-du-costume.com\/wp-content\/uploads\/2024\/03\/logo-main-black-retina.png","contentUrl":"https:\/\/www.compagnie-du-costume.com\/wp-content\/uploads\/2024\/03\/logo-main-black-retina.png","width":512,"height":257,"caption":"La Compagnie du Costume"},"image":{"@id":"https:\/\/www.compagnie-du-costume.com\/#\/schema\/logo\/image\/"}}]}},"_links":{"self":[{"href":"https:\/\/www.compagnie-du-costume.com\/en\/wp-json\/wp\/v2\/pages\/10250","targetHints":{"allow":["GET"]}}],"collection":[{"href":"https:\/\/www.compagnie-du-costume.com\/en\/wp-json\/wp\/v2\/pages"}],"about":[{"href":"https:\/\/www.compagnie-du-costume.com\/en\/wp-json\/wp\/v2\/types\/page"}],"author":[{"embeddable":true,"href":"https:\/\/www.compagnie-du-costume.com\/en\/wp-json\/wp\/v2\/users\/4"}],"replies":[{"embeddable":true,"href":"https:\/\/www.compagnie-du-costume.com\/en\/wp-json\/wp\/v2\/comments?post=10250"}],"version-history":[{"count":3,"href":"https:\/\/www.compagnie-du-costume.com\/en\/wp-json\/wp\/v2\/pages\/10250\/revisions"}],"predecessor-version":[{"id":10253,"href":"https:\/\/www.compagnie-du-costume.com\/en\/wp-json\/wp\/v2\/pages\/10250\/revisions\/10253"}],"wp:attachment":[{"href":"https:\/\/www.compagnie-du-costume.com\/en\/wp-json\/wp\/v2\/media?parent=10250"}],"curies":[{"name":"wp","href":"https:\/\/api.w.org\/{rel}","templated":true}]}}