{"id":4293,"date":"2017-03-14T16:51:31","date_gmt":"2017-03-14T15:51:31","guid":{"rendered":"http:\/\/www.compagnie-du-costume.com\/?page_id=4293\/"},"modified":"2025-09-04T17:49:26","modified_gmt":"2025-09-04T15:49:26","slug":"rental","status":"publish","type":"page","link":"https:\/\/www.compagnie-du-costume.com\/en\/services\/rental\/","title":{"rendered":"RENTAL"},"content":{"rendered":"<div class=\"wpb-content-wrapper\"><p>[vc_row][vc_column][vc_column_text]<\/p>\n<p style=\"font-weight: 400;\"><span style=\"font-weight: 400;\">Our company rents civilian and military costumes, as well as their accessories, primarily for film, series, television, and theater, but also for events, communication, commemorations, and live performances.<\/span><\/p>\n<p style=\"font-weight: 400;\"><span style=\"font-weight: 400;\">We are also open to individuals and corporate events.<\/span><\/p>\n<p>[\/vc_column_text][\/vc_column][\/vc_row][vc_row][vc_column]<div id=\"ultimate-heading-229269fdeaef398a9\" class=\"uvc-heading ult-adjust-bottom-margin ultimate-heading-229269fdeaef398a9 uvc-9101  uvc-heading-default-font-sizes\" data-hspacer=\"no_spacer\"  data-halign=\"left\" style=\"text-align:left\"><div class=\"uvc-heading-spacer no_spacer\" style=\"top\"><\/div><div class=\"uvc-main-heading ult-responsive\"  data-ultimate-target='.uvc-heading.ultimate-heading-229269fdeaef398a9 h3'  data-responsive-json-new='{\"font-size\":\"\",\"line-height\":\"\"}' ><h3 style=\"--font-weight:theme;margin-bottom:20px;\">Welcome<\/h3><\/div><\/div>[vc_column_text]<\/p>\n<p style=\"font-weight: 400;\"><span style=\"font-weight: 400;\">We invite you to make an appointment at +33(0)1 40 11 13 08 with our colleagues to be welcomed under the best conditions. <\/span><\/p>\n<p style=\"font-weight: 400;\"><span style=\"font-weight: 400;\">Our qualified staff, knowledgeable about costume history, will guide you through different eras, generously offering advice. For costume professionals, we allow you to work as you wish in our aisles.<\/span><\/p>\n<p style=\"font-weight: 400;\"><span style=\"font-weight: 400;\">By working with us, you have access to our libraries and specialized costume documentation.<\/span><\/p>\n<p>[\/vc_column_text]<div id=\"ultimate-heading-962069fdeaef39916\" class=\"uvc-heading ult-adjust-bottom-margin ultimate-heading-962069fdeaef39916 uvc-4266  uvc-heading-default-font-sizes\" data-hspacer=\"no_spacer\"  data-halign=\"left\" style=\"text-align:left\"><div class=\"uvc-heading-spacer no_spacer\" style=\"top\"><\/div><div class=\"uvc-main-heading ult-responsive\"  data-ultimate-target='.uvc-heading.ultimate-heading-962069fdeaef39916 h3'  data-responsive-json-new='{\"font-size\":\"\",\"line-height\":\"\"}' ><h3 style=\"--font-weight:theme;margin-bottom:20px;\">Rates<\/h3><\/div><\/div>[vc_column_text]<\/p>\n<p style=\"font-weight: 400;\"><span style=\"font-weight: 400;\">We can provide quotes upon request after initial contact.<\/span><\/p>\n<p>[\/vc_column_text]<div id=\"ultimate-heading-162569fdeaef39958\" class=\"uvc-heading ult-adjust-bottom-margin ultimate-heading-162569fdeaef39958 uvc-6396  uvc-heading-default-font-sizes\" data-hspacer=\"no_spacer\"  data-halign=\"left\" style=\"text-align:left\"><div class=\"uvc-heading-spacer no_spacer\" style=\"top\"><\/div><div class=\"uvc-main-heading ult-responsive\"  data-ultimate-target='.uvc-heading.ultimate-heading-162569fdeaef39958 h3'  data-responsive-json-new='{\"font-size\":\"\",\"line-height\":\"\"}' ><h3 style=\"--font-weight:theme;margin-bottom:20px;\">Choice and Quality<\/h3><\/div><\/div>[vc_column_text]<\/p>\n<p style=\"font-weight: 400;\"><span style=\"font-weight: 400;\">The Company&#8217;s stock consists of representative pieces from each historical period.<\/span><\/p>\n<p style=\"font-weight: 400;\"><span style=\"font-weight: 400;\">Our costumes, spanning from Antiquity to the present day, are distributed among different stocks, each specializing in a period or function: civilians, military, functional attire, performances, traditional costumes, etc.<\/span><\/p>\n<p style=\"font-weight: 400;\"><span style=\"font-weight: 400;\">You will find authentic pieces and creations from various sources. <\/span><\/p>\n<p style=\"font-weight: 400;\"><span style=\"font-weight: 400;\">We regularly refresh our stock through productions in our workshop, purchases after audiovisual productions, and auctions.<\/span><\/p>\n<p style=\"font-weight: 400;\"><span style=\"font-weight: 400;\">The photos on our website are just a glimpse of the type of costumes we can offer, so feel free to contact us.<\/span><\/p>\n<p>[\/vc_column_text][\/vc_column][\/vc_row]<\/p>\n<\/div>","protected":false},"excerpt":{"rendered":"<p>[vc_row][vc_column][vc_column_text] Our company rents civilian and military costumes, as well as their accessories, primarily for film, series, television, and theater, but also for events, communication, commemorations, and live performances. We are also open to individuals and corporate events. [\/vc_column_text][\/vc_column][\/vc_row][vc_row][vc_column][vc_column_text] We invite you to make an appointment at +33(0)1 40 11 13 08 with our colleagues&hellip;<\/p>\n","protected":false},"author":1,"featured_media":0,"parent":4291,"menu_order":2,"comment_status":"closed","ping_status":"closed","template":"","meta":{"footnotes":""},"class_list":["post-4293","page","type-page","status-publish","hentry","description-off"],"yoast_head":"<!-- This site is optimized with the Yoast SEO plugin v27.5 - https:\/\/yoast.com\/product\/yoast-seo-wordpress\/ -->\n<title>RENTAL - La compagnie du costume<\/title>\n<meta name=\"robots\" content=\"index, follow, max-snippet:-1, max-image-preview:large, max-video-preview:-1\" \/>\n<link rel=\"canonical\" href=\"https:\/\/www.compagnie-du-costume.com\/en\/services\/rental\/\" \/>\n<meta property=\"og:locale\" content=\"en_US\" \/>\n<meta property=\"og:type\" content=\"article\" \/>\n<meta property=\"og:title\" content=\"RENTAL - La compagnie du costume\" \/>\n<meta property=\"og:description\" content=\"[vc_row][vc_column][vc_column_text] Our company rents civilian and military costumes, as well as their accessories, primarily for film, series, television, and theater, but also for events, communication, commemorations, and live performances. We are also open to individuals and corporate events. [\/vc_column_text][\/vc_column][\/vc_row][vc_row][vc_column][vc_column_text] We invite you to make an appointment at +33(0)1 40 11 13 08 with our colleagues&hellip;\" \/>\n<meta property=\"og:url\" content=\"https:\/\/www.compagnie-du-costume.com\/en\/services\/rental\/\" \/>\n<meta property=\"og:site_name\" content=\"La compagnie du costume\" \/>\n<meta property=\"article:modified_time\" content=\"2025-09-04T15:49:26+00:00\" \/>\n<meta property=\"og:image\" content=\"https:\/\/www.compagnie-du-costume.com\/wp-content\/uploads\/2025\/12\/La-Compagnie-du-Costume.webp\" \/>\n\t<meta property=\"og:image:width\" content=\"1200\" \/>\n\t<meta property=\"og:image:height\" content=\"675\" \/>\n\t<meta property=\"og:image:type\" content=\"image\/webp\" \/>\n<meta name=\"twitter:card\" content=\"summary_large_image\" \/>\n<meta name=\"twitter:label1\" content=\"Est. reading time\" \/>\n\t<meta name=\"twitter:data1\" content=\"2 minutes\" \/>\n<script type=\"application\/ld+json\" class=\"yoast-schema-graph\">{\"@context\":\"https:\\\/\\\/schema.org\",\"@graph\":[{\"@type\":\"WebPage\",\"@id\":\"https:\\\/\\\/www.compagnie-du-costume.com\\\/en\\\/services\\\/rental\\\/\",\"url\":\"https:\\\/\\\/www.compagnie-du-costume.com\\\/en\\\/services\\\/rental\\\/\",\"name\":\"RENTAL - La compagnie du costume\",\"isPartOf\":{\"@id\":\"https:\\\/\\\/www.compagnie-du-costume.com\\\/#website\"},\"datePublished\":\"2017-03-14T15:51:31+00:00\",\"dateModified\":\"2025-09-04T15:49:26+00:00\",\"breadcrumb\":{\"@id\":\"https:\\\/\\\/www.compagnie-du-costume.com\\\/en\\\/services\\\/rental\\\/#breadcrumb\"},\"inLanguage\":\"en-US\",\"potentialAction\":[{\"@type\":\"ReadAction\",\"target\":[\"https:\\\/\\\/www.compagnie-du-costume.com\\\/en\\\/services\\\/rental\\\/\"]}]},{\"@type\":\"BreadcrumbList\",\"@id\":\"https:\\\/\\\/www.compagnie-du-costume.com\\\/en\\\/services\\\/rental\\\/#breadcrumb\",\"itemListElement\":[{\"@type\":\"ListItem\",\"position\":1,\"name\":\"Accueil\",\"item\":\"https:\\\/\\\/www.compagnie-du-costume.com\\\/\"},{\"@type\":\"ListItem\",\"position\":2,\"name\":\"Services\",\"item\":\"https:\\\/\\\/www.compagnie-du-costume.com\\\/en\\\/services\\\/\"},{\"@type\":\"ListItem\",\"position\":3,\"name\":\"RENTAL\"}]},{\"@type\":\"WebSite\",\"@id\":\"https:\\\/\\\/www.compagnie-du-costume.com\\\/#website\",\"url\":\"https:\\\/\\\/www.compagnie-du-costume.com\\\/\",\"name\":\"La compagnie du costume\",\"description\":\"Fabrication et location de costumes pour le th\u00e9\u00e2tre, la t\u00e9l\u00e9vision, l\u2019\u00e9v\u00e9nementiel ou les festivit\u00e9s par la Compagnie du Costume.\",\"publisher\":{\"@id\":\"https:\\\/\\\/www.compagnie-du-costume.com\\\/#organization\"},\"potentialAction\":[{\"@type\":\"SearchAction\",\"target\":{\"@type\":\"EntryPoint\",\"urlTemplate\":\"https:\\\/\\\/www.compagnie-du-costume.com\\\/?s={search_term_string}\"},\"query-input\":{\"@type\":\"PropertyValueSpecification\",\"valueRequired\":true,\"valueName\":\"search_term_string\"}}],\"inLanguage\":\"en-US\"},{\"@type\":\"Organization\",\"@id\":\"https:\\\/\\\/www.compagnie-du-costume.com\\\/#organization\",\"name\":\"La Compagnie du Costume\",\"url\":\"https:\\\/\\\/www.compagnie-du-costume.com\\\/\",\"logo\":{\"@type\":\"ImageObject\",\"inLanguage\":\"en-US\",\"@id\":\"https:\\\/\\\/www.compagnie-du-costume.com\\\/#\\\/schema\\\/logo\\\/image\\\/\",\"url\":\"https:\\\/\\\/www.compagnie-du-costume.com\\\/wp-content\\\/uploads\\\/2024\\\/03\\\/logo-main-black-retina.png\",\"contentUrl\":\"https:\\\/\\\/www.compagnie-du-costume.com\\\/wp-content\\\/uploads\\\/2024\\\/03\\\/logo-main-black-retina.png\",\"width\":512,\"height\":257,\"caption\":\"La Compagnie du Costume\"},\"image\":{\"@id\":\"https:\\\/\\\/www.compagnie-du-costume.com\\\/#\\\/schema\\\/logo\\\/image\\\/\"}}]}<\/script>\n<!-- \/ Yoast SEO plugin. -->","yoast_head_json":{"title":"RENTAL - La compagnie du costume","robots":{"index":"index","follow":"follow","max-snippet":"max-snippet:-1","max-image-preview":"max-image-preview:large","max-video-preview":"max-video-preview:-1"},"canonical":"https:\/\/www.compagnie-du-costume.com\/en\/services\/rental\/","og_locale":"en_US","og_type":"article","og_title":"RENTAL - La compagnie du costume","og_description":"[vc_row][vc_column][vc_column_text] Our company rents civilian and military costumes, as well as their accessories, primarily for film, series, television, and theater, but also for events, communication, commemorations, and live performances. We are also open to individuals and corporate events. [\/vc_column_text][\/vc_column][\/vc_row][vc_row][vc_column][vc_column_text] We invite you to make an appointment at +33(0)1 40 11 13 08 with our colleagues&hellip;","og_url":"https:\/\/www.compagnie-du-costume.com\/en\/services\/rental\/","og_site_name":"La compagnie du costume","article_modified_time":"2025-09-04T15:49:26+00:00","og_image":[{"width":1200,"height":675,"url":"https:\/\/www.compagnie-du-costume.com\/wp-content\/uploads\/2025\/12\/La-Compagnie-du-Costume.webp","type":"image\/webp"}],"twitter_card":"summary_large_image","twitter_misc":{"Est. reading time":"2 minutes"},"schema":{"@context":"https:\/\/schema.org","@graph":[{"@type":"WebPage","@id":"https:\/\/www.compagnie-du-costume.com\/en\/services\/rental\/","url":"https:\/\/www.compagnie-du-costume.com\/en\/services\/rental\/","name":"RENTAL - La compagnie du costume","isPartOf":{"@id":"https:\/\/www.compagnie-du-costume.com\/#website"},"datePublished":"2017-03-14T15:51:31+00:00","dateModified":"2025-09-04T15:49:26+00:00","breadcrumb":{"@id":"https:\/\/www.compagnie-du-costume.com\/en\/services\/rental\/#breadcrumb"},"inLanguage":"en-US","potentialAction":[{"@type":"ReadAction","target":["https:\/\/www.compagnie-du-costume.com\/en\/services\/rental\/"]}]},{"@type":"BreadcrumbList","@id":"https:\/\/www.compagnie-du-costume.com\/en\/services\/rental\/#breadcrumb","itemListElement":[{"@type":"ListItem","position":1,"name":"Accueil","item":"https:\/\/www.compagnie-du-costume.com\/"},{"@type":"ListItem","position":2,"name":"Services","item":"https:\/\/www.compagnie-du-costume.com\/en\/services\/"},{"@type":"ListItem","position":3,"name":"RENTAL"}]},{"@type":"WebSite","@id":"https:\/\/www.compagnie-du-costume.com\/#website","url":"https:\/\/www.compagnie-du-costume.com\/","name":"La compagnie du costume","description":"Fabrication et location de costumes pour le th\u00e9\u00e2tre, la t\u00e9l\u00e9vision, l\u2019\u00e9v\u00e9nementiel ou les festivit\u00e9s par la Compagnie du Costume.","publisher":{"@id":"https:\/\/www.compagnie-du-costume.com\/#organization"},"potentialAction":[{"@type":"SearchAction","target":{"@type":"EntryPoint","urlTemplate":"https:\/\/www.compagnie-du-costume.com\/?s={search_term_string}"},"query-input":{"@type":"PropertyValueSpecification","valueRequired":true,"valueName":"search_term_string"}}],"inLanguage":"en-US"},{"@type":"Organization","@id":"https:\/\/www.compagnie-du-costume.com\/#organization","name":"La Compagnie du Costume","url":"https:\/\/www.compagnie-du-costume.com\/","logo":{"@type":"ImageObject","inLanguage":"en-US","@id":"https:\/\/www.compagnie-du-costume.com\/#\/schema\/logo\/image\/","url":"https:\/\/www.compagnie-du-costume.com\/wp-content\/uploads\/2024\/03\/logo-main-black-retina.png","contentUrl":"https:\/\/www.compagnie-du-costume.com\/wp-content\/uploads\/2024\/03\/logo-main-black-retina.png","width":512,"height":257,"caption":"La Compagnie du Costume"},"image":{"@id":"https:\/\/www.compagnie-du-costume.com\/#\/schema\/logo\/image\/"}}]}},"_links":{"self":[{"href":"https:\/\/www.compagnie-du-costume.com\/en\/wp-json\/wp\/v2\/pages\/4293","targetHints":{"allow":["GET"]}}],"collection":[{"href":"https:\/\/www.compagnie-du-costume.com\/en\/wp-json\/wp\/v2\/pages"}],"about":[{"href":"https:\/\/www.compagnie-du-costume.com\/en\/wp-json\/wp\/v2\/types\/page"}],"author":[{"embeddable":true,"href":"https:\/\/www.compagnie-du-costume.com\/en\/wp-json\/wp\/v2\/users\/1"}],"replies":[{"embeddable":true,"href":"https:\/\/www.compagnie-du-costume.com\/en\/wp-json\/wp\/v2\/comments?post=4293"}],"version-history":[{"count":13,"href":"https:\/\/www.compagnie-du-costume.com\/en\/wp-json\/wp\/v2\/pages\/4293\/revisions"}],"predecessor-version":[{"id":11303,"href":"https:\/\/www.compagnie-du-costume.com\/en\/wp-json\/wp\/v2\/pages\/4293\/revisions\/11303"}],"up":[{"embeddable":true,"href":"https:\/\/www.compagnie-du-costume.com\/en\/wp-json\/wp\/v2\/pages\/4291"}],"wp:attachment":[{"href":"https:\/\/www.compagnie-du-costume.com\/en\/wp-json\/wp\/v2\/media?parent=4293"}],"curies":[{"name":"wp","href":"https:\/\/api.w.org\/{rel}","templated":true}]}}