{"id":4327,"date":"2017-03-14T17:23:24","date_gmt":"2017-03-14T16:23:24","guid":{"rendered":"http:\/\/www.compagnie-du-costume.com\/?page_id=4327\/"},"modified":"2025-12-22T12:53:55","modified_gmt":"2025-12-22T11:53:55","slug":"the-company","status":"publish","type":"page","link":"https:\/\/www.compagnie-du-costume.com\/en\/the-company\/","title":{"rendered":"The Company"},"content":{"rendered":"<div class=\"wpb-content-wrapper\"><p>[vc_row][vc_column][\/vc_column][\/vc_row]<\/p>\n<\/div>","protected":false},"excerpt":{"rendered":"<p>[vc_row][vc_column][\/vc_column][\/vc_row]<\/p>\n","protected":false},"author":1,"featured_media":0,"parent":0,"menu_order":5,"comment_status":"closed","ping_status":"closed","template":"","meta":{"footnotes":""},"class_list":["post-4327","page","type-page","status-publish","hentry","description-off"],"yoast_head":"<!-- This site is optimized with the Yoast SEO plugin v27.5 - https:\/\/yoast.com\/product\/yoast-seo-wordpress\/ -->\n<title>The Company - La compagnie du costume<\/title>\n<meta name=\"robots\" content=\"noindex, nofollow\" \/>\n<meta property=\"og:locale\" content=\"en_US\" \/>\n<meta property=\"og:type\" content=\"article\" \/>\n<meta property=\"og:title\" content=\"The Company - La compagnie du costume\" \/>\n<meta property=\"og:description\" content=\"[vc_row][vc_column][\/vc_column][\/vc_row]\" \/>\n<meta property=\"og:url\" content=\"https:\/\/www.compagnie-du-costume.com\/en\/the-company\/\" \/>\n<meta property=\"og:site_name\" content=\"La compagnie du costume\" \/>\n<meta property=\"article:modified_time\" content=\"2025-12-22T11:53:55+00:00\" \/>\n<meta property=\"og:image\" content=\"https:\/\/www.compagnie-du-costume.com\/wp-content\/uploads\/2025\/12\/La-Compagnie-du-Costume.webp\" \/>\n\t<meta property=\"og:image:width\" content=\"1200\" \/>\n\t<meta property=\"og:image:height\" content=\"675\" \/>\n\t<meta property=\"og:image:type\" content=\"image\/webp\" \/>\n<meta name=\"twitter:card\" content=\"summary_large_image\" \/>\n<meta name=\"twitter:label1\" content=\"Est. reading time\" \/>\n\t<meta name=\"twitter:data1\" content=\"1 minute\" \/>\n<script type=\"application\/ld+json\" class=\"yoast-schema-graph\">{\"@context\":\"https:\\\/\\\/schema.org\",\"@graph\":[{\"@type\":\"WebPage\",\"@id\":\"https:\\\/\\\/www.compagnie-du-costume.com\\\/en\\\/the-company\\\/\",\"url\":\"https:\\\/\\\/www.compagnie-du-costume.com\\\/en\\\/the-company\\\/\",\"name\":\"The Company - La compagnie du costume\",\"isPartOf\":{\"@id\":\"https:\\\/\\\/www.compagnie-du-costume.com\\\/#website\"},\"datePublished\":\"2017-03-14T16:23:24+00:00\",\"dateModified\":\"2025-12-22T11:53:55+00:00\",\"breadcrumb\":{\"@id\":\"https:\\\/\\\/www.compagnie-du-costume.com\\\/en\\\/the-company\\\/#breadcrumb\"},\"inLanguage\":\"en-US\",\"potentialAction\":[{\"@type\":\"ReadAction\",\"target\":[\"https:\\\/\\\/www.compagnie-du-costume.com\\\/en\\\/the-company\\\/\"]}]},{\"@type\":\"BreadcrumbList\",\"@id\":\"https:\\\/\\\/www.compagnie-du-costume.com\\\/en\\\/the-company\\\/#breadcrumb\",\"itemListElement\":[{\"@type\":\"ListItem\",\"position\":1,\"name\":\"Accueil\",\"item\":\"https:\\\/\\\/www.compagnie-du-costume.com\\\/\"},{\"@type\":\"ListItem\",\"position\":2,\"name\":\"The Company\"}]},{\"@type\":\"WebSite\",\"@id\":\"https:\\\/\\\/www.compagnie-du-costume.com\\\/#website\",\"url\":\"https:\\\/\\\/www.compagnie-du-costume.com\\\/\",\"name\":\"La compagnie du costume\",\"description\":\"Fabrication et location de costumes pour le th\u00e9\u00e2tre, la t\u00e9l\u00e9vision, l\u2019\u00e9v\u00e9nementiel ou les festivit\u00e9s par la Compagnie du Costume.\",\"publisher\":{\"@id\":\"https:\\\/\\\/www.compagnie-du-costume.com\\\/#organization\"},\"potentialAction\":[{\"@type\":\"SearchAction\",\"target\":{\"@type\":\"EntryPoint\",\"urlTemplate\":\"https:\\\/\\\/www.compagnie-du-costume.com\\\/?s={search_term_string}\"},\"query-input\":{\"@type\":\"PropertyValueSpecification\",\"valueRequired\":true,\"valueName\":\"search_term_string\"}}],\"inLanguage\":\"en-US\"},{\"@type\":\"Organization\",\"@id\":\"https:\\\/\\\/www.compagnie-du-costume.com\\\/#organization\",\"name\":\"La Compagnie du Costume\",\"url\":\"https:\\\/\\\/www.compagnie-du-costume.com\\\/\",\"logo\":{\"@type\":\"ImageObject\",\"inLanguage\":\"en-US\",\"@id\":\"https:\\\/\\\/www.compagnie-du-costume.com\\\/#\\\/schema\\\/logo\\\/image\\\/\",\"url\":\"https:\\\/\\\/www.compagnie-du-costume.com\\\/wp-content\\\/uploads\\\/2024\\\/03\\\/logo-main-black-retina.png\",\"contentUrl\":\"https:\\\/\\\/www.compagnie-du-costume.com\\\/wp-content\\\/uploads\\\/2024\\\/03\\\/logo-main-black-retina.png\",\"width\":512,\"height\":257,\"caption\":\"La Compagnie du Costume\"},\"image\":{\"@id\":\"https:\\\/\\\/www.compagnie-du-costume.com\\\/#\\\/schema\\\/logo\\\/image\\\/\"}}]}<\/script>\n<!-- \/ Yoast SEO plugin. -->","yoast_head_json":{"title":"The Company - La compagnie du costume","robots":{"index":"noindex","follow":"nofollow"},"og_locale":"en_US","og_type":"article","og_title":"The Company - La compagnie du costume","og_description":"[vc_row][vc_column][\/vc_column][\/vc_row]","og_url":"https:\/\/www.compagnie-du-costume.com\/en\/the-company\/","og_site_name":"La compagnie du costume","article_modified_time":"2025-12-22T11:53:55+00:00","og_image":[{"width":1200,"height":675,"url":"https:\/\/www.compagnie-du-costume.com\/wp-content\/uploads\/2025\/12\/La-Compagnie-du-Costume.webp","type":"image\/webp"}],"twitter_card":"summary_large_image","twitter_misc":{"Est. reading time":"1 minute"},"schema":{"@context":"https:\/\/schema.org","@graph":[{"@type":"WebPage","@id":"https:\/\/www.compagnie-du-costume.com\/en\/the-company\/","url":"https:\/\/www.compagnie-du-costume.com\/en\/the-company\/","name":"The Company - La compagnie du costume","isPartOf":{"@id":"https:\/\/www.compagnie-du-costume.com\/#website"},"datePublished":"2017-03-14T16:23:24+00:00","dateModified":"2025-12-22T11:53:55+00:00","breadcrumb":{"@id":"https:\/\/www.compagnie-du-costume.com\/en\/the-company\/#breadcrumb"},"inLanguage":"en-US","potentialAction":[{"@type":"ReadAction","target":["https:\/\/www.compagnie-du-costume.com\/en\/the-company\/"]}]},{"@type":"BreadcrumbList","@id":"https:\/\/www.compagnie-du-costume.com\/en\/the-company\/#breadcrumb","itemListElement":[{"@type":"ListItem","position":1,"name":"Accueil","item":"https:\/\/www.compagnie-du-costume.com\/"},{"@type":"ListItem","position":2,"name":"The Company"}]},{"@type":"WebSite","@id":"https:\/\/www.compagnie-du-costume.com\/#website","url":"https:\/\/www.compagnie-du-costume.com\/","name":"La compagnie du costume","description":"Fabrication et location de costumes pour le th\u00e9\u00e2tre, la t\u00e9l\u00e9vision, l\u2019\u00e9v\u00e9nementiel ou les festivit\u00e9s par la Compagnie du Costume.","publisher":{"@id":"https:\/\/www.compagnie-du-costume.com\/#organization"},"potentialAction":[{"@type":"SearchAction","target":{"@type":"EntryPoint","urlTemplate":"https:\/\/www.compagnie-du-costume.com\/?s={search_term_string}"},"query-input":{"@type":"PropertyValueSpecification","valueRequired":true,"valueName":"search_term_string"}}],"inLanguage":"en-US"},{"@type":"Organization","@id":"https:\/\/www.compagnie-du-costume.com\/#organization","name":"La Compagnie du Costume","url":"https:\/\/www.compagnie-du-costume.com\/","logo":{"@type":"ImageObject","inLanguage":"en-US","@id":"https:\/\/www.compagnie-du-costume.com\/#\/schema\/logo\/image\/","url":"https:\/\/www.compagnie-du-costume.com\/wp-content\/uploads\/2024\/03\/logo-main-black-retina.png","contentUrl":"https:\/\/www.compagnie-du-costume.com\/wp-content\/uploads\/2024\/03\/logo-main-black-retina.png","width":512,"height":257,"caption":"La Compagnie du Costume"},"image":{"@id":"https:\/\/www.compagnie-du-costume.com\/#\/schema\/logo\/image\/"}}]}},"_links":{"self":[{"href":"https:\/\/www.compagnie-du-costume.com\/en\/wp-json\/wp\/v2\/pages\/4327","targetHints":{"allow":["GET"]}}],"collection":[{"href":"https:\/\/www.compagnie-du-costume.com\/en\/wp-json\/wp\/v2\/pages"}],"about":[{"href":"https:\/\/www.compagnie-du-costume.com\/en\/wp-json\/wp\/v2\/types\/page"}],"author":[{"embeddable":true,"href":"https:\/\/www.compagnie-du-costume.com\/en\/wp-json\/wp\/v2\/users\/1"}],"replies":[{"embeddable":true,"href":"https:\/\/www.compagnie-du-costume.com\/en\/wp-json\/wp\/v2\/comments?post=4327"}],"version-history":[{"count":1,"href":"https:\/\/www.compagnie-du-costume.com\/en\/wp-json\/wp\/v2\/pages\/4327\/revisions"}],"predecessor-version":[{"id":4328,"href":"https:\/\/www.compagnie-du-costume.com\/en\/wp-json\/wp\/v2\/pages\/4327\/revisions\/4328"}],"wp:attachment":[{"href":"https:\/\/www.compagnie-du-costume.com\/en\/wp-json\/wp\/v2\/media?parent=4327"}],"curies":[{"name":"wp","href":"https:\/\/api.w.org\/{rel}","templated":true}]}}