{"id":4339,"date":"2017-04-21T10:48:46","date_gmt":"2017-04-21T08:48:46","guid":{"rendered":"http:\/\/www.compagnie-du-costume.com\/?page_id=4339\/"},"modified":"2025-07-03T14:38:16","modified_gmt":"2025-07-03T12:38:16","slug":"how-to-reach-us","status":"publish","type":"page","link":"https:\/\/www.compagnie-du-costume.com\/en\/contact\/how-to-reach-us\/","title":{"rendered":"HOW TO REACH US"},"content":{"rendered":"<div class=\"wpb-content-wrapper\"><p>[vc_row css=&#8221;.vc_custom_1459949207386{margin-bottom: 32px !important;}&#8221;][vc_column][vc_row_inner css=&#8221;.vc_custom_1459949228737{margin-bottom: 32px !important;}&#8221;][vc_column_inner][vc_empty_space][vc_column_text css=&#8221;&#8221;]<\/p>\n<p style=\"font-weight: 400;\"><span style=\"font-weight: 400;\">To visit us, please make an appointment on +33(0)1 40 11 13 08 (20th century stock), on +33(0)1 85 78 45 02 (historical and contemporary stock) or by e-mail: <\/span><span style=\"font-weight: 400;\">costume@compagnie-du-costume.com<\/span><\/p>\n<p style=\"font-weight: 400;\"><span style=\"font-weight: 400;\">La Compagnie du Costume welcomes you to the park at 50 Rue Ardoin in St Ouen, Building 565B.<\/span><\/p>\n<p style=\"font-weight: 400;\"><span style=\"font-weight: 400;\"><br \/>\n<\/span><span style=\"font-weight: 400;\">Easy access and parking facilities.<\/span><\/p>\n<p style=\"font-weight: 400;\"><span style=\"font-weight: 400;\">Open Monday to Thursday from 9:00 am to 6:00 pm* and Friday from 9:00 am to 5:00 pm.<\/span><\/p>\n<p style=\"font-weight: 400;\"><span style=\"font-weight: 400;\">*: The historical stock closes at 5:00 pm every day.<\/span><\/p>\n<p>[\/vc_column_text][\/vc_column_inner][\/vc_row_inner][vc_row_inner equal_height=&#8221;yes&#8221;][vc_column_inner width=&#8221;1\/2&#8243;][vc_column_text][\/vc_column_text][vc_single_image image=&#8221;702&#8243; img_size=&#8221;full&#8221; alignment=&#8221;center&#8221;]<div id=\"ultimate-heading-518869f360e8543d6\" class=\"uvc-heading ult-adjust-bottom-margin ultimate-heading-518869f360e8543d6 uvc-5395  uvc-heading-default-font-sizes\" data-hspacer=\"no_spacer\"  data-halign=\"left\" style=\"text-align:left\"><div class=\"uvc-heading-spacer no_spacer\" style=\"top\"><\/div><div class=\"uvc-main-heading ult-responsive\"  data-ultimate-target='.uvc-heading.ultimate-heading-518869f360e8543d6 h3'  data-responsive-json-new='{\"font-size\":\"\",\"line-height\":\"\"}' ><h3 style=\"--font-weight:theme;\">By public transportation:<\/h3><\/div><\/div>[vc_separator color=&#8221;white&#8221; align=&#8221;align_left&#8221;][vc_column_text]<\/p>\n<p style=\"font-weight: 400;\"><span style=\"font-weight: 400;\">Metro: Line 14, Line 13, Mairie de Saint Ouen or Garibaldi station. RER C: Saint Ouen stop.<\/span><\/p>\n<p>[\/vc_column_text]<div id=\"ultimate-heading-537669f360e85444a\" class=\"uvc-heading ult-adjust-bottom-margin ultimate-heading-537669f360e85444a uvc-5388  uvc-heading-default-font-sizes\" data-hspacer=\"no_spacer\"  data-halign=\"left\" style=\"text-align:left\"><div class=\"uvc-heading-spacer no_spacer\" style=\"top\"><\/div><div class=\"uvc-main-heading ult-responsive\"  data-ultimate-target='.uvc-heading.ultimate-heading-537669f360e85444a h3'  data-responsive-json-new='{\"font-size\":\"\",\"line-height\":\"\"}' ><h3 style=\"--font-weight:theme;\">By road:<\/h3><\/div><\/div>[vc_separator color=&#8221;white&#8221; align=&#8221;align_left&#8221;][vc_column_text]<\/p>\n<p style=\"font-weight: 400;\"><span style=\"font-weight: 400;\">On the ring road, take the exit at Porte de Saint Ouen or Porte de Clichy.<\/span><span style=\"font-weight: 400;\"><br \/>\n<\/span><span style=\"font-weight: 400;\">At the entrance of the business park, our building, 565B, is located immediately to the left, behind the palm trees.<\/span><\/p>\n<p>[\/vc_column_text][\/vc_column_inner][\/vc_row_inner][\/vc_column][\/vc_row][vc_row margin_bottom=&#8221;-50px&#8221; full_width_row=&#8221;true&#8221;][vc_column][vc_gmaps link=&#8221;#E-8_JTNDaWZyYW1lJTIwc3JjJTNEJTIyaHR0cHMlM0ElMkYlMkZ3d3cuZ29vZ2xlLmNvbSUyRm1hcHMlMkZlbWJlZCUzRnBiJTNEJTIxMW0xNCUyMTFtOCUyMTFtMyUyMTFkNDk4ODUuMTkzMjc4MTkyNjUlMjEyZDIuMjk4NzQ0OTUzMzA5MDc0JTIxM2Q0OC45MTk4MjE1Mjc0MjQwNCUyMTNtMiUyMTFpMTAyNCUyMTJpNzY4JTIxNGYxMy4xJTIxM20zJTIxMW0yJTIxMXMweDAlMjUzQTB4NTJiOGY4Y2UzOWY1NzljMCUyMTJzTGElMkJDb21wYWduaWUlMkJkdSUyQkNvc3R1bWUlMjE1ZTAlMjEzbTIlMjExc2ZyJTIxMnNmciUyMTR2MTQ1OTg3NjA2OTE2MyUyMiUyMHdpZHRoJTNEJTIyNjAwJTIyJTIwaGVpZ2h0JTNEJTIyNDUwJTIyJTIwZnJhbWVib3JkZXIlM0QlMjIwJTIyJTIwc3R5bGUlM0QlMjJib3JkZXIlM0EwJTIyJTIwYWxsb3dmdWxsc2NyZWVuJTNEJTIyJTIyJTNFJTNDJTJGaWZyYW1lJTNF&#8221;][\/vc_column][\/vc_row]<\/p>\n<\/div>","protected":false},"excerpt":{"rendered":"<p>[vc_row css=&#8221;.vc_custom_1459949207386{margin-bottom: 32px !important;}&#8221;][vc_column][vc_row_inner css=&#8221;.vc_custom_1459949228737{margin-bottom: 32px !important;}&#8221;][vc_column_inner][vc_empty_space][vc_column_text css=&#8221;&#8221;] To visit us, please make an appointment on +33(0)1 40 11 13 08 (20th century stock), on +33(0)1 85 78 45 02 (historical and contemporary stock) or by e-mail: costume@compagnie-du-costume.com La Compagnie du Costume welcomes you to the park at 50 Rue Ardoin in St Ouen, Building&hellip;<\/p>\n","protected":false},"author":1,"featured_media":0,"parent":4320,"menu_order":1,"comment_status":"closed","ping_status":"closed","template":"","meta":{"footnotes":""},"class_list":["post-4339","page","type-page","status-publish","hentry","description-off"],"yoast_head":"<!-- This site is optimized with the Yoast SEO plugin v27.5 - https:\/\/yoast.com\/product\/yoast-seo-wordpress\/ -->\n<title>HOW TO REACH US - La compagnie du costume<\/title>\n<meta name=\"robots\" content=\"index, follow, max-snippet:-1, max-image-preview:large, max-video-preview:-1\" \/>\n<link rel=\"canonical\" href=\"https:\/\/www.compagnie-du-costume.com\/en\/contact\/how-to-reach-us\/\" \/>\n<meta property=\"og:locale\" content=\"en_US\" \/>\n<meta property=\"og:type\" content=\"article\" \/>\n<meta property=\"og:title\" content=\"HOW TO REACH US - La compagnie du costume\" \/>\n<meta property=\"og:description\" content=\"[vc_row css=&#8221;.vc_custom_1459949207386{margin-bottom: 32px !important;}&#8221;][vc_column][vc_row_inner css=&#8221;.vc_custom_1459949228737{margin-bottom: 32px !important;}&#8221;][vc_column_inner][vc_empty_space][vc_column_text css=&#8221;&#8221;] To visit us, please make an appointment on +33(0)1 40 11 13 08 (20th century stock), on +33(0)1 85 78 45 02 (historical and contemporary stock) or by e-mail: costume@compagnie-du-costume.com La Compagnie du Costume welcomes you to the park at 50 Rue Ardoin in St Ouen, Building&hellip;\" \/>\n<meta property=\"og:url\" content=\"https:\/\/www.compagnie-du-costume.com\/en\/contact\/how-to-reach-us\/\" \/>\n<meta property=\"og:site_name\" content=\"La compagnie du costume\" \/>\n<meta property=\"article:modified_time\" content=\"2025-07-03T12:38:16+00:00\" \/>\n<meta property=\"og:image\" content=\"https:\/\/www.compagnie-du-costume.com\/wp-content\/uploads\/2025\/12\/La-Compagnie-du-Costume.webp\" \/>\n\t<meta property=\"og:image:width\" content=\"1200\" \/>\n\t<meta property=\"og:image:height\" content=\"675\" \/>\n\t<meta property=\"og:image:type\" content=\"image\/webp\" \/>\n<meta name=\"twitter:card\" content=\"summary_large_image\" \/>\n<meta name=\"twitter:label1\" content=\"Est. reading time\" \/>\n\t<meta name=\"twitter:data1\" content=\"1 minute\" \/>\n<script type=\"application\/ld+json\" class=\"yoast-schema-graph\">{\"@context\":\"https:\\\/\\\/schema.org\",\"@graph\":[{\"@type\":\"WebPage\",\"@id\":\"https:\\\/\\\/www.compagnie-du-costume.com\\\/en\\\/contact\\\/how-to-reach-us\\\/\",\"url\":\"https:\\\/\\\/www.compagnie-du-costume.com\\\/en\\\/contact\\\/how-to-reach-us\\\/\",\"name\":\"HOW TO REACH US - La compagnie du costume\",\"isPartOf\":{\"@id\":\"https:\\\/\\\/www.compagnie-du-costume.com\\\/#website\"},\"datePublished\":\"2017-04-21T08:48:46+00:00\",\"dateModified\":\"2025-07-03T12:38:16+00:00\",\"breadcrumb\":{\"@id\":\"https:\\\/\\\/www.compagnie-du-costume.com\\\/en\\\/contact\\\/how-to-reach-us\\\/#breadcrumb\"},\"inLanguage\":\"en-US\",\"potentialAction\":[{\"@type\":\"ReadAction\",\"target\":[\"https:\\\/\\\/www.compagnie-du-costume.com\\\/en\\\/contact\\\/how-to-reach-us\\\/\"]}]},{\"@type\":\"BreadcrumbList\",\"@id\":\"https:\\\/\\\/www.compagnie-du-costume.com\\\/en\\\/contact\\\/how-to-reach-us\\\/#breadcrumb\",\"itemListElement\":[{\"@type\":\"ListItem\",\"position\":1,\"name\":\"Accueil\",\"item\":\"https:\\\/\\\/www.compagnie-du-costume.com\\\/\"},{\"@type\":\"ListItem\",\"position\":2,\"name\":\"Contact\",\"item\":\"https:\\\/\\\/www.compagnie-du-costume.com\\\/en\\\/contact\\\/\"},{\"@type\":\"ListItem\",\"position\":3,\"name\":\"HOW TO REACH US\"}]},{\"@type\":\"WebSite\",\"@id\":\"https:\\\/\\\/www.compagnie-du-costume.com\\\/#website\",\"url\":\"https:\\\/\\\/www.compagnie-du-costume.com\\\/\",\"name\":\"La compagnie du costume\",\"description\":\"Fabrication et location de costumes pour le th\u00e9\u00e2tre, la t\u00e9l\u00e9vision, l\u2019\u00e9v\u00e9nementiel ou les festivit\u00e9s par la Compagnie du Costume.\",\"publisher\":{\"@id\":\"https:\\\/\\\/www.compagnie-du-costume.com\\\/#organization\"},\"potentialAction\":[{\"@type\":\"SearchAction\",\"target\":{\"@type\":\"EntryPoint\",\"urlTemplate\":\"https:\\\/\\\/www.compagnie-du-costume.com\\\/?s={search_term_string}\"},\"query-input\":{\"@type\":\"PropertyValueSpecification\",\"valueRequired\":true,\"valueName\":\"search_term_string\"}}],\"inLanguage\":\"en-US\"},{\"@type\":\"Organization\",\"@id\":\"https:\\\/\\\/www.compagnie-du-costume.com\\\/#organization\",\"name\":\"La Compagnie du Costume\",\"url\":\"https:\\\/\\\/www.compagnie-du-costume.com\\\/\",\"logo\":{\"@type\":\"ImageObject\",\"inLanguage\":\"en-US\",\"@id\":\"https:\\\/\\\/www.compagnie-du-costume.com\\\/#\\\/schema\\\/logo\\\/image\\\/\",\"url\":\"https:\\\/\\\/www.compagnie-du-costume.com\\\/wp-content\\\/uploads\\\/2024\\\/03\\\/logo-main-black-retina.png\",\"contentUrl\":\"https:\\\/\\\/www.compagnie-du-costume.com\\\/wp-content\\\/uploads\\\/2024\\\/03\\\/logo-main-black-retina.png\",\"width\":512,\"height\":257,\"caption\":\"La Compagnie du Costume\"},\"image\":{\"@id\":\"https:\\\/\\\/www.compagnie-du-costume.com\\\/#\\\/schema\\\/logo\\\/image\\\/\"}}]}<\/script>\n<!-- \/ Yoast SEO plugin. -->","yoast_head_json":{"title":"HOW TO REACH US - La compagnie du costume","robots":{"index":"index","follow":"follow","max-snippet":"max-snippet:-1","max-image-preview":"max-image-preview:large","max-video-preview":"max-video-preview:-1"},"canonical":"https:\/\/www.compagnie-du-costume.com\/en\/contact\/how-to-reach-us\/","og_locale":"en_US","og_type":"article","og_title":"HOW TO REACH US - La compagnie du costume","og_description":"[vc_row css=&#8221;.vc_custom_1459949207386{margin-bottom: 32px !important;}&#8221;][vc_column][vc_row_inner css=&#8221;.vc_custom_1459949228737{margin-bottom: 32px !important;}&#8221;][vc_column_inner][vc_empty_space][vc_column_text css=&#8221;&#8221;] To visit us, please make an appointment on +33(0)1 40 11 13 08 (20th century stock), on +33(0)1 85 78 45 02 (historical and contemporary stock) or by e-mail: costume@compagnie-du-costume.com La Compagnie du Costume welcomes you to the park at 50 Rue Ardoin in St Ouen, Building&hellip;","og_url":"https:\/\/www.compagnie-du-costume.com\/en\/contact\/how-to-reach-us\/","og_site_name":"La compagnie du costume","article_modified_time":"2025-07-03T12:38:16+00:00","og_image":[{"width":1200,"height":675,"url":"https:\/\/www.compagnie-du-costume.com\/wp-content\/uploads\/2025\/12\/La-Compagnie-du-Costume.webp","type":"image\/webp"}],"twitter_card":"summary_large_image","twitter_misc":{"Est. reading time":"1 minute"},"schema":{"@context":"https:\/\/schema.org","@graph":[{"@type":"WebPage","@id":"https:\/\/www.compagnie-du-costume.com\/en\/contact\/how-to-reach-us\/","url":"https:\/\/www.compagnie-du-costume.com\/en\/contact\/how-to-reach-us\/","name":"HOW TO REACH US - La compagnie du costume","isPartOf":{"@id":"https:\/\/www.compagnie-du-costume.com\/#website"},"datePublished":"2017-04-21T08:48:46+00:00","dateModified":"2025-07-03T12:38:16+00:00","breadcrumb":{"@id":"https:\/\/www.compagnie-du-costume.com\/en\/contact\/how-to-reach-us\/#breadcrumb"},"inLanguage":"en-US","potentialAction":[{"@type":"ReadAction","target":["https:\/\/www.compagnie-du-costume.com\/en\/contact\/how-to-reach-us\/"]}]},{"@type":"BreadcrumbList","@id":"https:\/\/www.compagnie-du-costume.com\/en\/contact\/how-to-reach-us\/#breadcrumb","itemListElement":[{"@type":"ListItem","position":1,"name":"Accueil","item":"https:\/\/www.compagnie-du-costume.com\/"},{"@type":"ListItem","position":2,"name":"Contact","item":"https:\/\/www.compagnie-du-costume.com\/en\/contact\/"},{"@type":"ListItem","position":3,"name":"HOW TO REACH US"}]},{"@type":"WebSite","@id":"https:\/\/www.compagnie-du-costume.com\/#website","url":"https:\/\/www.compagnie-du-costume.com\/","name":"La compagnie du costume","description":"Fabrication et location de costumes pour le th\u00e9\u00e2tre, la t\u00e9l\u00e9vision, l\u2019\u00e9v\u00e9nementiel ou les festivit\u00e9s par la Compagnie du Costume.","publisher":{"@id":"https:\/\/www.compagnie-du-costume.com\/#organization"},"potentialAction":[{"@type":"SearchAction","target":{"@type":"EntryPoint","urlTemplate":"https:\/\/www.compagnie-du-costume.com\/?s={search_term_string}"},"query-input":{"@type":"PropertyValueSpecification","valueRequired":true,"valueName":"search_term_string"}}],"inLanguage":"en-US"},{"@type":"Organization","@id":"https:\/\/www.compagnie-du-costume.com\/#organization","name":"La Compagnie du Costume","url":"https:\/\/www.compagnie-du-costume.com\/","logo":{"@type":"ImageObject","inLanguage":"en-US","@id":"https:\/\/www.compagnie-du-costume.com\/#\/schema\/logo\/image\/","url":"https:\/\/www.compagnie-du-costume.com\/wp-content\/uploads\/2024\/03\/logo-main-black-retina.png","contentUrl":"https:\/\/www.compagnie-du-costume.com\/wp-content\/uploads\/2024\/03\/logo-main-black-retina.png","width":512,"height":257,"caption":"La Compagnie du Costume"},"image":{"@id":"https:\/\/www.compagnie-du-costume.com\/#\/schema\/logo\/image\/"}}]}},"_links":{"self":[{"href":"https:\/\/www.compagnie-du-costume.com\/en\/wp-json\/wp\/v2\/pages\/4339","targetHints":{"allow":["GET"]}}],"collection":[{"href":"https:\/\/www.compagnie-du-costume.com\/en\/wp-json\/wp\/v2\/pages"}],"about":[{"href":"https:\/\/www.compagnie-du-costume.com\/en\/wp-json\/wp\/v2\/types\/page"}],"author":[{"embeddable":true,"href":"https:\/\/www.compagnie-du-costume.com\/en\/wp-json\/wp\/v2\/users\/1"}],"replies":[{"embeddable":true,"href":"https:\/\/www.compagnie-du-costume.com\/en\/wp-json\/wp\/v2\/comments?post=4339"}],"version-history":[{"count":32,"href":"https:\/\/www.compagnie-du-costume.com\/en\/wp-json\/wp\/v2\/pages\/4339\/revisions"}],"predecessor-version":[{"id":12225,"href":"https:\/\/www.compagnie-du-costume.com\/en\/wp-json\/wp\/v2\/pages\/4339\/revisions\/12225"}],"up":[{"embeddable":true,"href":"https:\/\/www.compagnie-du-costume.com\/en\/wp-json\/wp\/v2\/pages\/4320"}],"wp:attachment":[{"href":"https:\/\/www.compagnie-du-costume.com\/en\/wp-json\/wp\/v2\/media?parent=4339"}],"curies":[{"name":"wp","href":"https:\/\/api.w.org\/{rel}","templated":true}]}}