{"id":4381,"date":"2016-03-02T09:34:42","date_gmt":"2016-03-02T08:34:42","guid":{"rendered":"http:\/\/www.compagnie-du-costume.com\/the-company\/histoire\/"},"modified":"2026-01-22T17:04:09","modified_gmt":"2026-01-22T16:04:09","slug":"about-us","status":"publish","type":"page","link":"https:\/\/www.compagnie-du-costume.com\/en\/the-company\/about-us\/","title":{"rendered":"ABOUT US"},"content":{"rendered":"<div class=\"wpb-content-wrapper\"><p>[vc_row][vc_column][vc_column_text]<\/p>\n<p style=\"font-weight: 400;\">La Compagnie du Costume was established in September 2000.<\/p>\n<p style=\"font-weight: 400;\">From our beginnings, our company set up a creation workshop, and the initial stock of a thousand pieces fit into 100 m\u00b2. It quickly expanded through the acquisition of costume collections and the production of unique pieces or small series in the workshop.<\/p>\n<p style=\"font-weight: 400;\">In 2008, the purchase of premises in Garges-l\u00e8s-Gonesse provided the necessary infrastructure to work on significant projects, both in terms of rental and manufacturing.<\/p>\n<p style=\"font-weight: 400;\">The acquisition of the stock of the company Costumes et Costume in March 2012 positioned La Compagnie du Costume among the leading costume rental companies in Europe.<\/p>\n<p style=\"font-weight: 400;\">The growth of the stock and the development of the workshop led us to settle in Saint Ouen, on the outskirts of Paris. This installation took place in two stages: 2015 with the arrival of 20<sup>th<\/sup>-century and military stocks, then in 2019 with the historical stock and the workshop.<\/p>\n<p>[\/vc_column_text][vc_media_grid element_width=&#8221;2&#8243; gap=&#8221;2&#8243; grid_id=&#8221;vc_gid:1697209197960-98c9c61c-93fd-10&#8243; include=&#8221;6986,6995,5483,7004,3878,6993&#8243;][vc_column_text]<\/p>\n<p style=\"font-weight: 400;\">Today, we have several warehouses totaling 8000m\u00b2, including 5000m\u00b2 for costume storage and accessories, comprising approximately over 2 million pieces.<\/p>\n<p style=\"font-weight: 400;\">Our stocks cover the entire history of costumes from prehistory to the present and beyond. These stocks are constantly evolving through the purchase of costumes and the production in the workshop.<\/p>\n<p style=\"font-weight: 400;\">The meticulous arrangement, sorting, and organization of costume collections, the restoration and maintenance of stock pieces, research, purchase, and study of documentation allow La Compagnie du Costume to constantly renew itself.<\/p>\n<p><span style=\"font-weight: 400;\">La Compagnie du Costume also consists of 21 individuals with diverse backgrounds and experiences, all sharing a passion for fashion, costumes, and their history. Versatile and autonomous, they are dedicated to serving clients by sharing their expertise and craftsmanship.<\/span>[\/vc_column_text][\/vc_column][\/vc_row][vc_row][vc_column][\/vc_column][\/vc_row]<\/p>\n<\/div>","protected":false},"excerpt":{"rendered":"<p>[vc_row][vc_column][vc_column_text] La Compagnie du Costume was established in September 2000. From our beginnings, our company set up a creation workshop, and the initial stock of a thousand pieces fit into 100 m\u00b2. It quickly expanded through the acquisition of costume collections and the production of unique pieces or small series in the workshop. In 2008,&hellip;<\/p>\n","protected":false},"author":1,"featured_media":0,"parent":4327,"menu_order":2,"comment_status":"closed","ping_status":"closed","template":"","meta":{"footnotes":""},"class_list":["post-4381","page","type-page","status-publish","hentry","description-off"],"yoast_head":"<!-- This site is optimized with the Yoast SEO plugin v27.5 - https:\/\/yoast.com\/product\/yoast-seo-wordpress\/ -->\n<title>ABOUT US - La compagnie du costume<\/title>\n<meta name=\"description\" content=\"La Compagnie du Costume was founded in September 2000. From the outset, our company set up a design studio and the initial stock of a thousand items was stored in a 100 m\u00b2 space. It quickly expanded through the acquisition of costume collections and the production of unique pieces or small series in the workshop.\" \/>\n<meta name=\"robots\" content=\"index, follow, max-snippet:-1, max-image-preview:large, max-video-preview:-1\" \/>\n<link rel=\"canonical\" href=\"https:\/\/www.compagnie-du-costume.com\/en\/the-company\/about-us\/\" \/>\n<meta property=\"og:locale\" content=\"en_US\" \/>\n<meta property=\"og:type\" content=\"article\" \/>\n<meta property=\"og:title\" content=\"ABOUT US - La compagnie du costume\" \/>\n<meta property=\"og:description\" content=\"La Compagnie du Costume was founded in September 2000. From the outset, our company set up a design studio and the initial stock of a thousand items was stored in a 100 m\u00b2 space. It quickly expanded through the acquisition of costume collections and the production of unique pieces or small series in the workshop.\" \/>\n<meta property=\"og:url\" content=\"https:\/\/www.compagnie-du-costume.com\/en\/the-company\/about-us\/\" \/>\n<meta property=\"og:site_name\" content=\"La compagnie du costume\" \/>\n<meta property=\"article:modified_time\" content=\"2026-01-22T16:04:09+00:00\" \/>\n<meta property=\"og:image\" content=\"https:\/\/www.compagnie-du-costume.com\/wp-content\/uploads\/2025\/12\/La-Compagnie-du-Costume.webp\" \/>\n\t<meta property=\"og:image:width\" content=\"1200\" \/>\n\t<meta property=\"og:image:height\" content=\"675\" \/>\n\t<meta property=\"og:image:type\" content=\"image\/webp\" \/>\n<meta name=\"twitter:card\" content=\"summary_large_image\" \/>\n<meta name=\"twitter:label1\" content=\"Est. reading time\" \/>\n\t<meta name=\"twitter:data1\" content=\"2 minutes\" \/>\n<script type=\"application\/ld+json\" class=\"yoast-schema-graph\">{\"@context\":\"https:\\\/\\\/schema.org\",\"@graph\":[{\"@type\":\"WebPage\",\"@id\":\"https:\\\/\\\/www.compagnie-du-costume.com\\\/en\\\/the-company\\\/about-us\\\/\",\"url\":\"https:\\\/\\\/www.compagnie-du-costume.com\\\/en\\\/the-company\\\/about-us\\\/\",\"name\":\"ABOUT US - La compagnie du costume\",\"isPartOf\":{\"@id\":\"https:\\\/\\\/www.compagnie-du-costume.com\\\/#website\"},\"datePublished\":\"2016-03-02T08:34:42+00:00\",\"dateModified\":\"2026-01-22T16:04:09+00:00\",\"description\":\"La Compagnie du Costume was founded in September 2000. From the outset, our company set up a design studio and the initial stock of a thousand items was stored in a 100 m\u00b2 space. It quickly expanded through the acquisition of costume collections and the production of unique pieces or small series in the workshop.\",\"breadcrumb\":{\"@id\":\"https:\\\/\\\/www.compagnie-du-costume.com\\\/en\\\/the-company\\\/about-us\\\/#breadcrumb\"},\"inLanguage\":\"en-US\",\"potentialAction\":[{\"@type\":\"ReadAction\",\"target\":[\"https:\\\/\\\/www.compagnie-du-costume.com\\\/en\\\/the-company\\\/about-us\\\/\"]}]},{\"@type\":\"BreadcrumbList\",\"@id\":\"https:\\\/\\\/www.compagnie-du-costume.com\\\/en\\\/the-company\\\/about-us\\\/#breadcrumb\",\"itemListElement\":[{\"@type\":\"ListItem\",\"position\":1,\"name\":\"Accueil\",\"item\":\"https:\\\/\\\/www.compagnie-du-costume.com\\\/\"},{\"@type\":\"ListItem\",\"position\":2,\"name\":\"The Company\",\"item\":\"https:\\\/\\\/www.compagnie-du-costume.com\\\/en\\\/the-company\\\/\"},{\"@type\":\"ListItem\",\"position\":3,\"name\":\"ABOUT US\"}]},{\"@type\":\"WebSite\",\"@id\":\"https:\\\/\\\/www.compagnie-du-costume.com\\\/#website\",\"url\":\"https:\\\/\\\/www.compagnie-du-costume.com\\\/\",\"name\":\"La compagnie du costume\",\"description\":\"Fabrication et location de costumes pour le th\u00e9\u00e2tre, la t\u00e9l\u00e9vision, l\u2019\u00e9v\u00e9nementiel ou les festivit\u00e9s par la Compagnie du Costume.\",\"publisher\":{\"@id\":\"https:\\\/\\\/www.compagnie-du-costume.com\\\/#organization\"},\"potentialAction\":[{\"@type\":\"SearchAction\",\"target\":{\"@type\":\"EntryPoint\",\"urlTemplate\":\"https:\\\/\\\/www.compagnie-du-costume.com\\\/?s={search_term_string}\"},\"query-input\":{\"@type\":\"PropertyValueSpecification\",\"valueRequired\":true,\"valueName\":\"search_term_string\"}}],\"inLanguage\":\"en-US\"},{\"@type\":\"Organization\",\"@id\":\"https:\\\/\\\/www.compagnie-du-costume.com\\\/#organization\",\"name\":\"La Compagnie du Costume\",\"url\":\"https:\\\/\\\/www.compagnie-du-costume.com\\\/\",\"logo\":{\"@type\":\"ImageObject\",\"inLanguage\":\"en-US\",\"@id\":\"https:\\\/\\\/www.compagnie-du-costume.com\\\/#\\\/schema\\\/logo\\\/image\\\/\",\"url\":\"https:\\\/\\\/www.compagnie-du-costume.com\\\/wp-content\\\/uploads\\\/2024\\\/03\\\/logo-main-black-retina.png\",\"contentUrl\":\"https:\\\/\\\/www.compagnie-du-costume.com\\\/wp-content\\\/uploads\\\/2024\\\/03\\\/logo-main-black-retina.png\",\"width\":512,\"height\":257,\"caption\":\"La Compagnie du Costume\"},\"image\":{\"@id\":\"https:\\\/\\\/www.compagnie-du-costume.com\\\/#\\\/schema\\\/logo\\\/image\\\/\"}}]}<\/script>\n<!-- \/ Yoast SEO plugin. -->","yoast_head_json":{"title":"ABOUT US - La compagnie du costume","description":"La Compagnie du Costume was founded in September 2000. From the outset, our company set up a design studio and the initial stock of a thousand items was stored in a 100 m\u00b2 space. It quickly expanded through the acquisition of costume collections and the production of unique pieces or small series in the workshop.","robots":{"index":"index","follow":"follow","max-snippet":"max-snippet:-1","max-image-preview":"max-image-preview:large","max-video-preview":"max-video-preview:-1"},"canonical":"https:\/\/www.compagnie-du-costume.com\/en\/the-company\/about-us\/","og_locale":"en_US","og_type":"article","og_title":"ABOUT US - La compagnie du costume","og_description":"La Compagnie du Costume was founded in September 2000. From the outset, our company set up a design studio and the initial stock of a thousand items was stored in a 100 m\u00b2 space. It quickly expanded through the acquisition of costume collections and the production of unique pieces or small series in the workshop.","og_url":"https:\/\/www.compagnie-du-costume.com\/en\/the-company\/about-us\/","og_site_name":"La compagnie du costume","article_modified_time":"2026-01-22T16:04:09+00:00","og_image":[{"width":1200,"height":675,"url":"https:\/\/www.compagnie-du-costume.com\/wp-content\/uploads\/2025\/12\/La-Compagnie-du-Costume.webp","type":"image\/webp"}],"twitter_card":"summary_large_image","twitter_misc":{"Est. reading time":"2 minutes"},"schema":{"@context":"https:\/\/schema.org","@graph":[{"@type":"WebPage","@id":"https:\/\/www.compagnie-du-costume.com\/en\/the-company\/about-us\/","url":"https:\/\/www.compagnie-du-costume.com\/en\/the-company\/about-us\/","name":"ABOUT US - La compagnie du costume","isPartOf":{"@id":"https:\/\/www.compagnie-du-costume.com\/#website"},"datePublished":"2016-03-02T08:34:42+00:00","dateModified":"2026-01-22T16:04:09+00:00","description":"La Compagnie du Costume was founded in September 2000. From the outset, our company set up a design studio and the initial stock of a thousand items was stored in a 100 m\u00b2 space. It quickly expanded through the acquisition of costume collections and the production of unique pieces or small series in the workshop.","breadcrumb":{"@id":"https:\/\/www.compagnie-du-costume.com\/en\/the-company\/about-us\/#breadcrumb"},"inLanguage":"en-US","potentialAction":[{"@type":"ReadAction","target":["https:\/\/www.compagnie-du-costume.com\/en\/the-company\/about-us\/"]}]},{"@type":"BreadcrumbList","@id":"https:\/\/www.compagnie-du-costume.com\/en\/the-company\/about-us\/#breadcrumb","itemListElement":[{"@type":"ListItem","position":1,"name":"Accueil","item":"https:\/\/www.compagnie-du-costume.com\/"},{"@type":"ListItem","position":2,"name":"The Company","item":"https:\/\/www.compagnie-du-costume.com\/en\/the-company\/"},{"@type":"ListItem","position":3,"name":"ABOUT US"}]},{"@type":"WebSite","@id":"https:\/\/www.compagnie-du-costume.com\/#website","url":"https:\/\/www.compagnie-du-costume.com\/","name":"La compagnie du costume","description":"Fabrication et location de costumes pour le th\u00e9\u00e2tre, la t\u00e9l\u00e9vision, l\u2019\u00e9v\u00e9nementiel ou les festivit\u00e9s par la Compagnie du Costume.","publisher":{"@id":"https:\/\/www.compagnie-du-costume.com\/#organization"},"potentialAction":[{"@type":"SearchAction","target":{"@type":"EntryPoint","urlTemplate":"https:\/\/www.compagnie-du-costume.com\/?s={search_term_string}"},"query-input":{"@type":"PropertyValueSpecification","valueRequired":true,"valueName":"search_term_string"}}],"inLanguage":"en-US"},{"@type":"Organization","@id":"https:\/\/www.compagnie-du-costume.com\/#organization","name":"La Compagnie du Costume","url":"https:\/\/www.compagnie-du-costume.com\/","logo":{"@type":"ImageObject","inLanguage":"en-US","@id":"https:\/\/www.compagnie-du-costume.com\/#\/schema\/logo\/image\/","url":"https:\/\/www.compagnie-du-costume.com\/wp-content\/uploads\/2024\/03\/logo-main-black-retina.png","contentUrl":"https:\/\/www.compagnie-du-costume.com\/wp-content\/uploads\/2024\/03\/logo-main-black-retina.png","width":512,"height":257,"caption":"La Compagnie du Costume"},"image":{"@id":"https:\/\/www.compagnie-du-costume.com\/#\/schema\/logo\/image\/"}}]}},"_links":{"self":[{"href":"https:\/\/www.compagnie-du-costume.com\/en\/wp-json\/wp\/v2\/pages\/4381","targetHints":{"allow":["GET"]}}],"collection":[{"href":"https:\/\/www.compagnie-du-costume.com\/en\/wp-json\/wp\/v2\/pages"}],"about":[{"href":"https:\/\/www.compagnie-du-costume.com\/en\/wp-json\/wp\/v2\/types\/page"}],"author":[{"embeddable":true,"href":"https:\/\/www.compagnie-du-costume.com\/en\/wp-json\/wp\/v2\/users\/1"}],"replies":[{"embeddable":true,"href":"https:\/\/www.compagnie-du-costume.com\/en\/wp-json\/wp\/v2\/comments?post=4381"}],"version-history":[{"count":14,"href":"https:\/\/www.compagnie-du-costume.com\/en\/wp-json\/wp\/v2\/pages\/4381\/revisions"}],"predecessor-version":[{"id":12236,"href":"https:\/\/www.compagnie-du-costume.com\/en\/wp-json\/wp\/v2\/pages\/4381\/revisions\/12236"}],"up":[{"embeddable":true,"href":"https:\/\/www.compagnie-du-costume.com\/en\/wp-json\/wp\/v2\/pages\/4327"}],"wp:attachment":[{"href":"https:\/\/www.compagnie-du-costume.com\/en\/wp-json\/wp\/v2\/media?parent=4381"}],"curies":[{"name":"wp","href":"https:\/\/api.w.org\/{rel}","templated":true}]}}