{"id":7011,"date":"2023-12-13T14:24:24","date_gmt":"2023-12-13T13:24:24","guid":{"rendered":"https:\/\/www.compagnie-du-costume.com\/?page_id=7011"},"modified":"2025-09-04T17:52:11","modified_gmt":"2025-09-04T15:52:11","slug":"preparation-facilities","status":"publish","type":"page","link":"https:\/\/www.compagnie-du-costume.com\/en\/services\/preparation-facilities\/","title":{"rendered":"PREPARATION FACILITIES"},"content":{"rendered":"<div class=\"wpb-content-wrapper\"><p>[vc_row][vc_column][vc_column_text]We offer 4 independent and autonomous lots that can be rented individually or together:<\/p>\n<ul>\n<li><strong>561A 900m\u00b2 on the ground floor<\/strong><\/li>\n<\/ul>\n<p>Divisible space that can be arranged according to your needs (storage, fitting rooms, partitioned offices, patina room, open space, etc.).<\/p>\n<ul>\n<li><strong>561C 200m\u00b2 in open space<\/strong><\/li>\n<li><strong>561D 200 m\u00b2 with offices <\/strong><\/li>\n<li><strong>565B 75m\u00b2 in three offices<\/strong><\/li>\n<\/ul>\n<p>These are <strong>BRIGHT<\/strong>, <strong>INDEPENDENT, and AUTONOMOUS<\/strong> spaces (24\/7 access)<strong>.<\/strong><\/p>\n<p>The Docks de Saint Ouen site is enclosed and guarded 24\/7.<br \/>\nAt 50 meters, the restaurant-bar (and climbing gym, sauna, etc.) offers decent catering until 23:00.<\/p>\n<p>We take care to show you these premises under the best conditions, so feel free to call us at 01 40 11 13 08 to make an appointment![\/vc_column_text][\/vc_column][\/vc_row][vc_row][vc_column][vc_media_grid grid_id=&#8221;vc_gid:1697207783672-cf53d741-d1a4-4&#8243; include=&#8221;8407,8409,8414&#8243;][vc_media_grid element_width=&#8221;3&#8243; gap=&#8221;2&#8243; grid_id=&#8221;vc_gid:1697207783675-7159ca17-8f84-2&#8243; include=&#8221;7017,7065,7070,7067&#8243;][vc_single_image image=&#8221;8432&#8243; img_size=&#8221;full&#8221;][\/vc_column][\/vc_row][vc_row][vc_column][vc_column_text]High-speed Wifi<br \/>\nQuiet environment<br \/>\nPrivate and monitored parking, ground-level truck access<br \/>\nIndependent restrooms<br \/>\nEquipment available: sewing machines, overlock machines, iron&#8230;<\/p>\n<p>Quick access from the ring road and metro\/RER\/bus<br \/>\nShops and restaurants nearby[\/vc_column_text][\/vc_column][\/vc_row][vc_row][vc_column][\/vc_column][\/vc_row]<\/p>\n<\/div>","protected":false},"excerpt":{"rendered":"<p>[vc_row][vc_column][vc_column_text]We offer 4 independent and autonomous lots that can be rented individually or together: 561A 900m\u00b2 on the ground floor Divisible space that can be arranged according to your needs (storage, fitting rooms, partitioned offices, patina room, open space, etc.). 561C 200m\u00b2 in open space 561D 200 m\u00b2 with offices 565B 75m\u00b2 in three offices&hellip;<\/p>\n","protected":false},"author":2,"featured_media":0,"parent":4291,"menu_order":3,"comment_status":"closed","ping_status":"closed","template":"","meta":{"footnotes":""},"class_list":["post-7011","page","type-page","status-publish","hentry","description-off"],"yoast_head":"<!-- This site is optimized with the Yoast SEO plugin v27.5 - https:\/\/yoast.com\/product\/yoast-seo-wordpress\/ -->\n<title>PREPARATION FACILITIES - La compagnie du costume<\/title>\n<meta name=\"robots\" content=\"index, follow, max-snippet:-1, max-image-preview:large, max-video-preview:-1\" \/>\n<link rel=\"canonical\" href=\"https:\/\/www.compagnie-du-costume.com\/en\/services\/preparation-facilities\/\" \/>\n<meta property=\"og:locale\" content=\"en_US\" \/>\n<meta property=\"og:type\" content=\"article\" \/>\n<meta property=\"og:title\" content=\"PREPARATION FACILITIES - La compagnie du costume\" \/>\n<meta property=\"og:description\" content=\"[vc_row][vc_column][vc_column_text]We offer 4 independent and autonomous lots that can be rented individually or together: 561A 900m\u00b2 on the ground floor Divisible space that can be arranged according to your needs (storage, fitting rooms, partitioned offices, patina room, open space, etc.). 561C 200m\u00b2 in open space 561D 200 m\u00b2 with offices 565B 75m\u00b2 in three offices&hellip;\" \/>\n<meta property=\"og:url\" content=\"https:\/\/www.compagnie-du-costume.com\/en\/services\/preparation-facilities\/\" \/>\n<meta property=\"og:site_name\" content=\"La compagnie du costume\" \/>\n<meta property=\"article:modified_time\" content=\"2025-09-04T15:52:11+00:00\" \/>\n<meta property=\"og:image\" content=\"https:\/\/www.compagnie-du-costume.com\/wp-content\/uploads\/2025\/12\/La-Compagnie-du-Costume.webp\" \/>\n\t<meta property=\"og:image:width\" content=\"1200\" \/>\n\t<meta property=\"og:image:height\" content=\"675\" \/>\n\t<meta property=\"og:image:type\" content=\"image\/webp\" \/>\n<meta name=\"twitter:card\" content=\"summary_large_image\" \/>\n<meta name=\"twitter:label1\" content=\"Est. reading time\" \/>\n\t<meta name=\"twitter:data1\" content=\"3 minutes\" \/>\n<script type=\"application\/ld+json\" class=\"yoast-schema-graph\">{\"@context\":\"https:\\\/\\\/schema.org\",\"@graph\":[{\"@type\":\"WebPage\",\"@id\":\"https:\\\/\\\/www.compagnie-du-costume.com\\\/en\\\/services\\\/preparation-facilities\\\/\",\"url\":\"https:\\\/\\\/www.compagnie-du-costume.com\\\/en\\\/services\\\/preparation-facilities\\\/\",\"name\":\"PREPARATION FACILITIES - La compagnie du costume\",\"isPartOf\":{\"@id\":\"https:\\\/\\\/www.compagnie-du-costume.com\\\/#website\"},\"datePublished\":\"2023-12-13T13:24:24+00:00\",\"dateModified\":\"2025-09-04T15:52:11+00:00\",\"breadcrumb\":{\"@id\":\"https:\\\/\\\/www.compagnie-du-costume.com\\\/en\\\/services\\\/preparation-facilities\\\/#breadcrumb\"},\"inLanguage\":\"en-US\",\"potentialAction\":[{\"@type\":\"ReadAction\",\"target\":[\"https:\\\/\\\/www.compagnie-du-costume.com\\\/en\\\/services\\\/preparation-facilities\\\/\"]}]},{\"@type\":\"BreadcrumbList\",\"@id\":\"https:\\\/\\\/www.compagnie-du-costume.com\\\/en\\\/services\\\/preparation-facilities\\\/#breadcrumb\",\"itemListElement\":[{\"@type\":\"ListItem\",\"position\":1,\"name\":\"Accueil\",\"item\":\"https:\\\/\\\/www.compagnie-du-costume.com\\\/\"},{\"@type\":\"ListItem\",\"position\":2,\"name\":\"Services\",\"item\":\"https:\\\/\\\/www.compagnie-du-costume.com\\\/en\\\/services\\\/\"},{\"@type\":\"ListItem\",\"position\":3,\"name\":\"PREPARATION FACILITIES\"}]},{\"@type\":\"WebSite\",\"@id\":\"https:\\\/\\\/www.compagnie-du-costume.com\\\/#website\",\"url\":\"https:\\\/\\\/www.compagnie-du-costume.com\\\/\",\"name\":\"La compagnie du costume\",\"description\":\"Fabrication et location de costumes pour le th\u00e9\u00e2tre, la t\u00e9l\u00e9vision, l\u2019\u00e9v\u00e9nementiel ou les festivit\u00e9s par la Compagnie du Costume.\",\"publisher\":{\"@id\":\"https:\\\/\\\/www.compagnie-du-costume.com\\\/#organization\"},\"potentialAction\":[{\"@type\":\"SearchAction\",\"target\":{\"@type\":\"EntryPoint\",\"urlTemplate\":\"https:\\\/\\\/www.compagnie-du-costume.com\\\/?s={search_term_string}\"},\"query-input\":{\"@type\":\"PropertyValueSpecification\",\"valueRequired\":true,\"valueName\":\"search_term_string\"}}],\"inLanguage\":\"en-US\"},{\"@type\":\"Organization\",\"@id\":\"https:\\\/\\\/www.compagnie-du-costume.com\\\/#organization\",\"name\":\"La Compagnie du Costume\",\"url\":\"https:\\\/\\\/www.compagnie-du-costume.com\\\/\",\"logo\":{\"@type\":\"ImageObject\",\"inLanguage\":\"en-US\",\"@id\":\"https:\\\/\\\/www.compagnie-du-costume.com\\\/#\\\/schema\\\/logo\\\/image\\\/\",\"url\":\"https:\\\/\\\/www.compagnie-du-costume.com\\\/wp-content\\\/uploads\\\/2024\\\/03\\\/logo-main-black-retina.png\",\"contentUrl\":\"https:\\\/\\\/www.compagnie-du-costume.com\\\/wp-content\\\/uploads\\\/2024\\\/03\\\/logo-main-black-retina.png\",\"width\":512,\"height\":257,\"caption\":\"La Compagnie du Costume\"},\"image\":{\"@id\":\"https:\\\/\\\/www.compagnie-du-costume.com\\\/#\\\/schema\\\/logo\\\/image\\\/\"}}]}<\/script>\n<!-- \/ Yoast SEO plugin. -->","yoast_head_json":{"title":"PREPARATION FACILITIES - La compagnie du costume","robots":{"index":"index","follow":"follow","max-snippet":"max-snippet:-1","max-image-preview":"max-image-preview:large","max-video-preview":"max-video-preview:-1"},"canonical":"https:\/\/www.compagnie-du-costume.com\/en\/services\/preparation-facilities\/","og_locale":"en_US","og_type":"article","og_title":"PREPARATION FACILITIES - La compagnie du costume","og_description":"[vc_row][vc_column][vc_column_text]We offer 4 independent and autonomous lots that can be rented individually or together: 561A 900m\u00b2 on the ground floor Divisible space that can be arranged according to your needs (storage, fitting rooms, partitioned offices, patina room, open space, etc.). 561C 200m\u00b2 in open space 561D 200 m\u00b2 with offices 565B 75m\u00b2 in three offices&hellip;","og_url":"https:\/\/www.compagnie-du-costume.com\/en\/services\/preparation-facilities\/","og_site_name":"La compagnie du costume","article_modified_time":"2025-09-04T15:52:11+00:00","og_image":[{"width":1200,"height":675,"url":"https:\/\/www.compagnie-du-costume.com\/wp-content\/uploads\/2025\/12\/La-Compagnie-du-Costume.webp","type":"image\/webp"}],"twitter_card":"summary_large_image","twitter_misc":{"Est. reading time":"3 minutes"},"schema":{"@context":"https:\/\/schema.org","@graph":[{"@type":"WebPage","@id":"https:\/\/www.compagnie-du-costume.com\/en\/services\/preparation-facilities\/","url":"https:\/\/www.compagnie-du-costume.com\/en\/services\/preparation-facilities\/","name":"PREPARATION FACILITIES - La compagnie du costume","isPartOf":{"@id":"https:\/\/www.compagnie-du-costume.com\/#website"},"datePublished":"2023-12-13T13:24:24+00:00","dateModified":"2025-09-04T15:52:11+00:00","breadcrumb":{"@id":"https:\/\/www.compagnie-du-costume.com\/en\/services\/preparation-facilities\/#breadcrumb"},"inLanguage":"en-US","potentialAction":[{"@type":"ReadAction","target":["https:\/\/www.compagnie-du-costume.com\/en\/services\/preparation-facilities\/"]}]},{"@type":"BreadcrumbList","@id":"https:\/\/www.compagnie-du-costume.com\/en\/services\/preparation-facilities\/#breadcrumb","itemListElement":[{"@type":"ListItem","position":1,"name":"Accueil","item":"https:\/\/www.compagnie-du-costume.com\/"},{"@type":"ListItem","position":2,"name":"Services","item":"https:\/\/www.compagnie-du-costume.com\/en\/services\/"},{"@type":"ListItem","position":3,"name":"PREPARATION FACILITIES"}]},{"@type":"WebSite","@id":"https:\/\/www.compagnie-du-costume.com\/#website","url":"https:\/\/www.compagnie-du-costume.com\/","name":"La compagnie du costume","description":"Fabrication et location de costumes pour le th\u00e9\u00e2tre, la t\u00e9l\u00e9vision, l\u2019\u00e9v\u00e9nementiel ou les festivit\u00e9s par la Compagnie du Costume.","publisher":{"@id":"https:\/\/www.compagnie-du-costume.com\/#organization"},"potentialAction":[{"@type":"SearchAction","target":{"@type":"EntryPoint","urlTemplate":"https:\/\/www.compagnie-du-costume.com\/?s={search_term_string}"},"query-input":{"@type":"PropertyValueSpecification","valueRequired":true,"valueName":"search_term_string"}}],"inLanguage":"en-US"},{"@type":"Organization","@id":"https:\/\/www.compagnie-du-costume.com\/#organization","name":"La Compagnie du Costume","url":"https:\/\/www.compagnie-du-costume.com\/","logo":{"@type":"ImageObject","inLanguage":"en-US","@id":"https:\/\/www.compagnie-du-costume.com\/#\/schema\/logo\/image\/","url":"https:\/\/www.compagnie-du-costume.com\/wp-content\/uploads\/2024\/03\/logo-main-black-retina.png","contentUrl":"https:\/\/www.compagnie-du-costume.com\/wp-content\/uploads\/2024\/03\/logo-main-black-retina.png","width":512,"height":257,"caption":"La Compagnie du Costume"},"image":{"@id":"https:\/\/www.compagnie-du-costume.com\/#\/schema\/logo\/image\/"}}]}},"_links":{"self":[{"href":"https:\/\/www.compagnie-du-costume.com\/en\/wp-json\/wp\/v2\/pages\/7011","targetHints":{"allow":["GET"]}}],"collection":[{"href":"https:\/\/www.compagnie-du-costume.com\/en\/wp-json\/wp\/v2\/pages"}],"about":[{"href":"https:\/\/www.compagnie-du-costume.com\/en\/wp-json\/wp\/v2\/types\/page"}],"author":[{"embeddable":true,"href":"https:\/\/www.compagnie-du-costume.com\/en\/wp-json\/wp\/v2\/users\/2"}],"replies":[{"embeddable":true,"href":"https:\/\/www.compagnie-du-costume.com\/en\/wp-json\/wp\/v2\/comments?post=7011"}],"version-history":[{"count":13,"href":"https:\/\/www.compagnie-du-costume.com\/en\/wp-json\/wp\/v2\/pages\/7011\/revisions"}],"predecessor-version":[{"id":10754,"href":"https:\/\/www.compagnie-du-costume.com\/en\/wp-json\/wp\/v2\/pages\/7011\/revisions\/10754"}],"up":[{"embeddable":true,"href":"https:\/\/www.compagnie-du-costume.com\/en\/wp-json\/wp\/v2\/pages\/4291"}],"wp:attachment":[{"href":"https:\/\/www.compagnie-du-costume.com\/en\/wp-json\/wp\/v2\/media?parent=7011"}],"curies":[{"name":"wp","href":"https:\/\/api.w.org\/{rel}","templated":true}]}}